{"id":9,"date":"2024-03-26T14:56:06","date_gmt":"2024-03-26T13:56:06","guid":{"rendered":"https:\/\/guidenaturesarlat.com\/?page_id=9"},"modified":"2026-03-04T16:43:54","modified_gmt":"2026-03-04T15:43:54","slug":"formations-stages-conferences","status":"publish","type":"page","link":"https:\/\/guidenaturesarlat.com\/index.php\/formations-stages-conferences\/","title":{"rendered":"Formations, Stages, Conf\u00e9rences"},"content":{"rendered":"\n\n\t<p>Je suis intervenu comme formateur vacataire aurp\u00e8s du CNFPT entre 2016 et 2024, dans le cadre de formation ayant pour th\u00e9matique la biodiversit\u00e9, et cela aupr\u00e8s des agents et technicien des collectivit\u00e9s territoriales de la r\u00e9gion nouvelle aquitaine.<\/p>\n<p>Je propose aussi des Stages et des conf\u00e9rences, qui s&rsquo;accompagnent de sorties sur le terrain, un bon moyen de s&rsquo;initier ou se perfectionner dans la connaissance de la faune et de la flore.<\/p>\n<figure itemscope itemtype=\"https:\/\/schema.org\/ImageObject\">\n\t\t\t\t<img decoding=\"async\" src=\"http:\/\/guidenaturesarlat.com\/wp-content\/uploads\/2024\/03\/Nuit-de-la-chouette-2013-scaled.jpg\" alt=\"Nuit de la chouette 2013\" title=\"Nuit de la chouette 2013\" onerror=\"this.style.display='none'\" loading=\"lazy\" \/>\n\t<\/figure>\n\n","protected":false},"excerpt":{"rendered":"<p>Je suis intervenu comme formateur vacataire aurp\u00e8s du CNFPT entre 2016 et 2024, dans le cadre de formation ayant pour th\u00e9matique la biodiversit\u00e9, et cela [&#8230;]<\/p>\n","protected":false},"author":1,"featured_media":0,"parent":0,"menu_order":0,"comment_status":"closed","ping_status":"closed","template":"","meta":{"footnotes":""},"class_list":["post-9","page","type-page","status-publish","hentry"],"yoast_head":"<!-- This site is optimized with the Yoast SEO plugin v27.4 - https:\/\/yoast.com\/product\/yoast-seo-wordpress\/ -->\n<title>Formations, Stages, Conf\u00e9rences - BUREAU FAUNE FLORE 24<\/title>\n<meta name=\"robots\" content=\"index, follow, max-snippet:-1, max-image-preview:large, max-video-preview:-1\" \/>\n<link rel=\"canonical\" href=\"https:\/\/guidenaturesarlat.com\/index.php\/formations-stages-conferences\/\" \/>\n<meta property=\"og:locale\" content=\"fr_FR\" \/>\n<meta property=\"og:type\" content=\"article\" \/>\n<meta property=\"og:title\" content=\"Formations, Stages, Conf\u00e9rences - BUREAU FAUNE FLORE 24\" \/>\n<meta property=\"og:description\" content=\"Je suis intervenu comme formateur vacataire aurp\u00e8s du CNFPT entre 2016 et 2024, dans le cadre de formation ayant pour th\u00e9matique la biodiversit\u00e9, et cela [...]\" \/>\n<meta property=\"og:url\" content=\"https:\/\/guidenaturesarlat.com\/index.php\/formations-stages-conferences\/\" \/>\n<meta property=\"og:site_name\" content=\"BUREAU FAUNE FLORE 24\" \/>\n<meta property=\"article:publisher\" content=\"https:\/\/www.facebook.com\/yannicklengletguidenaturaliste?locale=fr_FR\" \/>\n<meta property=\"article:modified_time\" content=\"2026-03-04T15:43:54+00:00\" \/>\n<meta property=\"og:image\" content=\"http:\/\/guidenaturesarlat.com\/wp-content\/uploads\/2024\/03\/Nuit-de-la-chouette-2013-scaled.jpg\" \/>\n<meta name=\"twitter:card\" content=\"summary_large_image\" \/>\n<script type=\"application\/ld+json\" class=\"yoast-schema-graph\">{\"@context\":\"https:\\\/\\\/schema.org\",\"@graph\":[{\"@type\":\"WebPage\",\"@id\":\"https:\\\/\\\/guidenaturesarlat.com\\\/index.php\\\/formations-stages-conferences\\\/\",\"url\":\"https:\\\/\\\/guidenaturesarlat.com\\\/index.php\\\/formations-stages-conferences\\\/\",\"name\":\"Formations, Stages, Conf\u00e9rences - BUREAU FAUNE FLORE 24\",\"isPartOf\":{\"@id\":\"https:\\\/\\\/guidenaturesarlat.com\\\/#website\"},\"primaryImageOfPage\":{\"@id\":\"https:\\\/\\\/guidenaturesarlat.com\\\/index.php\\\/formations-stages-conferences\\\/#primaryimage\"},\"image\":{\"@id\":\"https:\\\/\\\/guidenaturesarlat.com\\\/index.php\\\/formations-stages-conferences\\\/#primaryimage\"},\"thumbnailUrl\":\"http:\\\/\\\/guidenaturesarlat.com\\\/wp-content\\\/uploads\\\/2024\\\/03\\\/Nuit-de-la-chouette-2013-scaled.jpg\",\"datePublished\":\"2024-03-26T13:56:06+00:00\",\"dateModified\":\"2026-03-04T15:43:54+00:00\",\"breadcrumb\":{\"@id\":\"https:\\\/\\\/guidenaturesarlat.com\\\/index.php\\\/formations-stages-conferences\\\/#breadcrumb\"},\"inLanguage\":\"fr-FR\",\"potentialAction\":[{\"@type\":\"ReadAction\",\"target\":[\"https:\\\/\\\/guidenaturesarlat.com\\\/index.php\\\/formations-stages-conferences\\\/\"]}]},{\"@type\":\"ImageObject\",\"inLanguage\":\"fr-FR\",\"@id\":\"https:\\\/\\\/guidenaturesarlat.com\\\/index.php\\\/formations-stages-conferences\\\/#primaryimage\",\"url\":\"http:\\\/\\\/guidenaturesarlat.com\\\/wp-content\\\/uploads\\\/2024\\\/03\\\/Nuit-de-la-chouette-2013-scaled.jpg\",\"contentUrl\":\"http:\\\/\\\/guidenaturesarlat.com\\\/wp-content\\\/uploads\\\/2024\\\/03\\\/Nuit-de-la-chouette-2013-scaled.jpg\"},{\"@type\":\"BreadcrumbList\",\"@id\":\"https:\\\/\\\/guidenaturesarlat.com\\\/index.php\\\/formations-stages-conferences\\\/#breadcrumb\",\"itemListElement\":[{\"@type\":\"ListItem\",\"position\":1,\"name\":\"Accueil\",\"item\":\"https:\\\/\\\/guidenaturesarlat.com\\\/\"},{\"@type\":\"ListItem\",\"position\":2,\"name\":\"Formations, Stages, Conf\u00e9rences\"}]},{\"@type\":\"WebSite\",\"@id\":\"https:\\\/\\\/guidenaturesarlat.com\\\/#website\",\"url\":\"https:\\\/\\\/guidenaturesarlat.com\\\/\",\"name\":\"BUREAU FAUNE FLORE 24\",\"description\":\"Bureau d&#039;\u00e9tudes en expertises des milieux naturels - Implant\u00e9 pr\u00e8s de Sarlat La Can\u00e9da - P\u00e9rigord Noir\",\"publisher\":{\"@id\":\"https:\\\/\\\/guidenaturesarlat.com\\\/#organization\"},\"potentialAction\":[{\"@type\":\"SearchAction\",\"target\":{\"@type\":\"EntryPoint\",\"urlTemplate\":\"https:\\\/\\\/guidenaturesarlat.com\\\/?s={search_term_string}\"},\"query-input\":{\"@type\":\"PropertyValueSpecification\",\"valueRequired\":true,\"valueName\":\"search_term_string\"}}],\"inLanguage\":\"fr-FR\"},{\"@type\":\"Organization\",\"@id\":\"https:\\\/\\\/guidenaturesarlat.com\\\/#organization\",\"name\":\"BUREAU FAUNE FLORE 24\",\"url\":\"https:\\\/\\\/guidenaturesarlat.com\\\/\",\"logo\":{\"@type\":\"ImageObject\",\"inLanguage\":\"fr-FR\",\"@id\":\"https:\\\/\\\/guidenaturesarlat.com\\\/#\\\/schema\\\/logo\\\/image\\\/\",\"url\":\"https:\\\/\\\/guidenaturesarlat.com\\\/wp-content\\\/uploads\\\/2026\\\/02\\\/cropped-Logo2026-4.jpg\",\"contentUrl\":\"https:\\\/\\\/guidenaturesarlat.com\\\/wp-content\\\/uploads\\\/2026\\\/02\\\/cropped-Logo2026-4.jpg\",\"width\":127,\"height\":200,\"caption\":\"BUREAU FAUNE FLORE 24\"},\"image\":{\"@id\":\"https:\\\/\\\/guidenaturesarlat.com\\\/#\\\/schema\\\/logo\\\/image\\\/\"},\"sameAs\":[\"https:\\\/\\\/www.facebook.com\\\/yannicklengletguidenaturaliste?locale=fr_FR\"]}]}<\/script>\n<!-- \/ Yoast SEO plugin. -->","yoast_head_json":{"title":"Formations, Stages, Conf\u00e9rences - BUREAU FAUNE FLORE 24","robots":{"index":"index","follow":"follow","max-snippet":"max-snippet:-1","max-image-preview":"max-image-preview:large","max-video-preview":"max-video-preview:-1"},"canonical":"https:\/\/guidenaturesarlat.com\/index.php\/formations-stages-conferences\/","og_locale":"fr_FR","og_type":"article","og_title":"Formations, Stages, Conf\u00e9rences - BUREAU FAUNE FLORE 24","og_description":"Je suis intervenu comme formateur vacataire aurp\u00e8s du CNFPT entre 2016 et 2024, dans le cadre de formation ayant pour th\u00e9matique la biodiversit\u00e9, et cela [...]","og_url":"https:\/\/guidenaturesarlat.com\/index.php\/formations-stages-conferences\/","og_site_name":"BUREAU FAUNE FLORE 24","article_publisher":"https:\/\/www.facebook.com\/yannicklengletguidenaturaliste?locale=fr_FR","article_modified_time":"2026-03-04T15:43:54+00:00","og_image":[{"url":"http:\/\/guidenaturesarlat.com\/wp-content\/uploads\/2024\/03\/Nuit-de-la-chouette-2013-scaled.jpg","type":"","width":"","height":""}],"twitter_card":"summary_large_image","schema":{"@context":"https:\/\/schema.org","@graph":[{"@type":"WebPage","@id":"https:\/\/guidenaturesarlat.com\/index.php\/formations-stages-conferences\/","url":"https:\/\/guidenaturesarlat.com\/index.php\/formations-stages-conferences\/","name":"Formations, Stages, Conf\u00e9rences - BUREAU FAUNE FLORE 24","isPartOf":{"@id":"https:\/\/guidenaturesarlat.com\/#website"},"primaryImageOfPage":{"@id":"https:\/\/guidenaturesarlat.com\/index.php\/formations-stages-conferences\/#primaryimage"},"image":{"@id":"https:\/\/guidenaturesarlat.com\/index.php\/formations-stages-conferences\/#primaryimage"},"thumbnailUrl":"http:\/\/guidenaturesarlat.com\/wp-content\/uploads\/2024\/03\/Nuit-de-la-chouette-2013-scaled.jpg","datePublished":"2024-03-26T13:56:06+00:00","dateModified":"2026-03-04T15:43:54+00:00","breadcrumb":{"@id":"https:\/\/guidenaturesarlat.com\/index.php\/formations-stages-conferences\/#breadcrumb"},"inLanguage":"fr-FR","potentialAction":[{"@type":"ReadAction","target":["https:\/\/guidenaturesarlat.com\/index.php\/formations-stages-conferences\/"]}]},{"@type":"ImageObject","inLanguage":"fr-FR","@id":"https:\/\/guidenaturesarlat.com\/index.php\/formations-stages-conferences\/#primaryimage","url":"http:\/\/guidenaturesarlat.com\/wp-content\/uploads\/2024\/03\/Nuit-de-la-chouette-2013-scaled.jpg","contentUrl":"http:\/\/guidenaturesarlat.com\/wp-content\/uploads\/2024\/03\/Nuit-de-la-chouette-2013-scaled.jpg"},{"@type":"BreadcrumbList","@id":"https:\/\/guidenaturesarlat.com\/index.php\/formations-stages-conferences\/#breadcrumb","itemListElement":[{"@type":"ListItem","position":1,"name":"Accueil","item":"https:\/\/guidenaturesarlat.com\/"},{"@type":"ListItem","position":2,"name":"Formations, Stages, Conf\u00e9rences"}]},{"@type":"WebSite","@id":"https:\/\/guidenaturesarlat.com\/#website","url":"https:\/\/guidenaturesarlat.com\/","name":"BUREAU FAUNE FLORE 24","description":"Bureau d&#039;\u00e9tudes en expertises des milieux naturels - Implant\u00e9 pr\u00e8s de Sarlat La Can\u00e9da - P\u00e9rigord Noir","publisher":{"@id":"https:\/\/guidenaturesarlat.com\/#organization"},"potentialAction":[{"@type":"SearchAction","target":{"@type":"EntryPoint","urlTemplate":"https:\/\/guidenaturesarlat.com\/?s={search_term_string}"},"query-input":{"@type":"PropertyValueSpecification","valueRequired":true,"valueName":"search_term_string"}}],"inLanguage":"fr-FR"},{"@type":"Organization","@id":"https:\/\/guidenaturesarlat.com\/#organization","name":"BUREAU FAUNE FLORE 24","url":"https:\/\/guidenaturesarlat.com\/","logo":{"@type":"ImageObject","inLanguage":"fr-FR","@id":"https:\/\/guidenaturesarlat.com\/#\/schema\/logo\/image\/","url":"https:\/\/guidenaturesarlat.com\/wp-content\/uploads\/2026\/02\/cropped-Logo2026-4.jpg","contentUrl":"https:\/\/guidenaturesarlat.com\/wp-content\/uploads\/2026\/02\/cropped-Logo2026-4.jpg","width":127,"height":200,"caption":"BUREAU FAUNE FLORE 24"},"image":{"@id":"https:\/\/guidenaturesarlat.com\/#\/schema\/logo\/image\/"},"sameAs":["https:\/\/www.facebook.com\/yannicklengletguidenaturaliste?locale=fr_FR"]}]}},"_links":{"self":[{"href":"https:\/\/guidenaturesarlat.com\/index.php\/wp-json\/wp\/v2\/pages\/9","targetHints":{"allow":["GET"]}}],"collection":[{"href":"https:\/\/guidenaturesarlat.com\/index.php\/wp-json\/wp\/v2\/pages"}],"about":[{"href":"https:\/\/guidenaturesarlat.com\/index.php\/wp-json\/wp\/v2\/types\/page"}],"author":[{"embeddable":true,"href":"https:\/\/guidenaturesarlat.com\/index.php\/wp-json\/wp\/v2\/users\/1"}],"replies":[{"embeddable":true,"href":"https:\/\/guidenaturesarlat.com\/index.php\/wp-json\/wp\/v2\/comments?post=9"}],"version-history":[{"count":4,"href":"https:\/\/guidenaturesarlat.com\/index.php\/wp-json\/wp\/v2\/pages\/9\/revisions"}],"predecessor-version":[{"id":381,"href":"https:\/\/guidenaturesarlat.com\/index.php\/wp-json\/wp\/v2\/pages\/9\/revisions\/381"}],"wp:attachment":[{"href":"https:\/\/guidenaturesarlat.com\/index.php\/wp-json\/wp\/v2\/media?parent=9"}],"curies":[{"name":"wp","href":"https:\/\/api.w.org\/{rel}","templated":true}]}}