{"id":8,"date":"2024-03-26T14:56:06","date_gmt":"2024-03-26T13:56:06","guid":{"rendered":"https:\/\/guidenaturesarlat.com\/?page_id=8"},"modified":"2026-04-14T16:04:07","modified_gmt":"2026-04-14T14:04:07","slug":"en-tant-que-guide-naturaliste","status":"publish","type":"page","link":"https:\/\/guidenaturesarlat.com\/index.php\/en-tant-que-guide-naturaliste\/","title":{"rendered":"En tant que Guide Naturaliste"},"content":{"rendered":"\n<h2  data-animation-delay=\"0\" data-animation-duration=\"5\">\n\t\t\tQue vous soyez initi\u00e9s ou pas, je vous convie \u00e0 me suivre \u00e0 la d\u00e9couverte de la faune et de la flore des plus beaux sites naturels de Dordogne.\t<\/h2>\n\t<p>Avec parfois jusqu&rsquo;\u00e0 40 groupes accueillis par an, sur de multiples sites naturels du d\u00e9partement de la Dordogne, j&rsquo;ai une grande exp\u00e9rience de l&rsquo;animation de groupes sur les th\u00e8mes de la faune, de la flore, des milieux naturels et de leur pr\u00e9servation.<\/p>\n<figure itemscope itemtype=\"https:\/\/schema.org\/ImageObject\">\n\t\t\t\t<img decoding=\"async\" src=\"http:\/\/guidenaturesarlat.com\/wp-content\/uploads\/2025\/01\/DSCN7376-scaled.jpg\" alt=\"DSCN7376\" title=\"DSCN7376\" onerror=\"this.style.display='none'\" loading=\"lazy\" \/>\n\t<\/figure>\n<figure itemscope itemtype=\"https:\/\/schema.org\/ImageObject\">\n\t\t\t\t<img decoding=\"async\" src=\"http:\/\/guidenaturesarlat.com\/wp-content\/uploads\/2024\/03\/IMG_7748.jpg\" alt=\"IMG_7748\" title=\"IMG_7748\" onerror=\"this.style.display='none'\" loading=\"lazy\" \/>\n\t<\/figure>\n\t<p>Je r\u00e9ponds\u00a0 \u00e0 des demandes tr\u00e8s vari\u00e9es :<\/p>\n<ul>\n<li>Vers les enfants : scolaires, centres de loirsirs, colonies de vacances<\/li>\n<li>Grand public : Sorties organis\u00e9es, en groupe, ou avec un public plus familial dans le cadre de l&rsquo;\u00e9t\u00e9 actif par exemple<\/li>\n<\/ul>\n\t<p>Vous \u00eates juste \u00e0 la recherche d&rsquo;une sortie pr\u00e9vue prochainement,<a href=\"https:\/\/guidenaturesarlat.com\/index.php\/en-tant-que-guide-naturaliste\/programme-des-sorties-de-decouverte-de-la-nature\/\" target=\"_blank\" rel=\"noopener\"> c&rsquo;est ici !<\/a><\/p>\n<p>Vous \u00eates en groupe, vous voulez faire appel \u00e0 moi pour votre prochain s\u00e9jour, <a href=\"https:\/\/guidenaturesarlat.com\/index.php\/balade-nature-en-groupe-a-sarlat-sorties-guidees-dordogne\/\">c&rsquo;est par ici !<\/a><\/p>\n<figure itemscope itemtype=\"https:\/\/schema.org\/ImageObject\">\n\t\t\t\t<img decoding=\"async\" src=\"http:\/\/guidenaturesarlat.com\/wp-content\/uploads\/2024\/03\/IMG_8248.jpg\" alt=\"IMG_8248\" title=\"IMG_8248\" onerror=\"this.style.display='none'\" loading=\"lazy\" \/>\n\t<\/figure>\n<figure itemscope itemtype=\"https:\/\/schema.org\/ImageObject\">\n\t\t\t\t<img decoding=\"async\" src=\"http:\/\/guidenaturesarlat.com\/wp-content\/uploads\/2025\/08\/DSCN6631-scaled.jpg\" alt=\"DSCN6631\" title=\"DSCN6631\" onerror=\"this.style.display='none'\" loading=\"lazy\" \/>\n\t<\/figure>\n<figure itemscope itemtype=\"https:\/\/schema.org\/ImageObject\">\n\t\t\t\t<img decoding=\"async\" src=\"http:\/\/guidenaturesarlat.com\/wp-content\/uploads\/2026\/03\/Fete-de-la-nature-2013-scaled.jpg\" alt=\"F\u00eate de la nature 2013\" title=\"F\u00eate de la nature 2013\" onerror=\"this.style.display='none'\" loading=\"lazy\" \/>\n\t<\/figure>\n<figure itemscope itemtype=\"https:\/\/schema.org\/ImageObject\">\n\t\t\t\t<img decoding=\"async\" src=\"http:\/\/guidenaturesarlat.com\/wp-content\/uploads\/2026\/03\/Fete-de-la-nature-2014-scaled.jpg\" alt=\"F\u00eate de la nature 2014\" title=\"F\u00eate de la nature 2014\" onerror=\"this.style.display='none'\" loading=\"lazy\" \/>\n\t<\/figure>\n\n","protected":false},"excerpt":{"rendered":"<p>Que vous soyez initi\u00e9s ou pas, je vous convie \u00e0 me suivre \u00e0 la d\u00e9couverte de la faune et de la flore des plus beaux [&#8230;]<\/p>\n","protected":false},"author":1,"featured_media":0,"parent":0,"menu_order":0,"comment_status":"closed","ping_status":"closed","template":"","meta":{"footnotes":""},"class_list":["post-8","page","type-page","status-publish","hentry"],"yoast_head":"<!-- This site is optimized with the Yoast SEO plugin v27.4 - https:\/\/yoast.com\/product\/yoast-seo-wordpress\/ -->\n<title>En tant que Guide Naturaliste - BUREAU FAUNE FLORE 24<\/title>\n<meta name=\"robots\" content=\"index, follow, max-snippet:-1, max-image-preview:large, max-video-preview:-1\" \/>\n<link rel=\"canonical\" href=\"https:\/\/guidenaturesarlat.com\/index.php\/en-tant-que-guide-naturaliste\/\" \/>\n<meta property=\"og:locale\" content=\"fr_FR\" \/>\n<meta property=\"og:type\" content=\"article\" \/>\n<meta property=\"og:title\" content=\"En tant que Guide Naturaliste - BUREAU FAUNE FLORE 24\" \/>\n<meta property=\"og:description\" content=\"Que vous soyez initi\u00e9s ou pas, je vous convie \u00e0 me suivre \u00e0 la d\u00e9couverte de la faune et de la flore des plus beaux [...]\" \/>\n<meta property=\"og:url\" content=\"https:\/\/guidenaturesarlat.com\/index.php\/en-tant-que-guide-naturaliste\/\" \/>\n<meta property=\"og:site_name\" content=\"BUREAU FAUNE FLORE 24\" \/>\n<meta property=\"article:publisher\" content=\"https:\/\/www.facebook.com\/yannicklengletguidenaturaliste?locale=fr_FR\" \/>\n<meta property=\"article:modified_time\" content=\"2026-04-14T14:04:07+00:00\" \/>\n<meta property=\"og:image\" content=\"http:\/\/guidenaturesarlat.com\/wp-content\/uploads\/2025\/01\/DSCN7376-scaled.jpg\" \/>\n<meta name=\"twitter:card\" content=\"summary_large_image\" \/>\n<meta name=\"twitter:label1\" content=\"Dur\u00e9e de lecture estim\u00e9e\" \/>\n\t<meta name=\"twitter:data1\" content=\"2 minutes\" \/>\n<script type=\"application\/ld+json\" class=\"yoast-schema-graph\">{\"@context\":\"https:\\\/\\\/schema.org\",\"@graph\":[{\"@type\":\"WebPage\",\"@id\":\"https:\\\/\\\/guidenaturesarlat.com\\\/index.php\\\/en-tant-que-guide-naturaliste\\\/\",\"url\":\"https:\\\/\\\/guidenaturesarlat.com\\\/index.php\\\/en-tant-que-guide-naturaliste\\\/\",\"name\":\"En tant que Guide Naturaliste - BUREAU FAUNE FLORE 24\",\"isPartOf\":{\"@id\":\"https:\\\/\\\/guidenaturesarlat.com\\\/#website\"},\"primaryImageOfPage\":{\"@id\":\"https:\\\/\\\/guidenaturesarlat.com\\\/index.php\\\/en-tant-que-guide-naturaliste\\\/#primaryimage\"},\"image\":{\"@id\":\"https:\\\/\\\/guidenaturesarlat.com\\\/index.php\\\/en-tant-que-guide-naturaliste\\\/#primaryimage\"},\"thumbnailUrl\":\"http:\\\/\\\/guidenaturesarlat.com\\\/wp-content\\\/uploads\\\/2025\\\/01\\\/DSCN7376-scaled.jpg\",\"datePublished\":\"2024-03-26T13:56:06+00:00\",\"dateModified\":\"2026-04-14T14:04:07+00:00\",\"breadcrumb\":{\"@id\":\"https:\\\/\\\/guidenaturesarlat.com\\\/index.php\\\/en-tant-que-guide-naturaliste\\\/#breadcrumb\"},\"inLanguage\":\"fr-FR\",\"potentialAction\":[{\"@type\":\"ReadAction\",\"target\":[\"https:\\\/\\\/guidenaturesarlat.com\\\/index.php\\\/en-tant-que-guide-naturaliste\\\/\"]}]},{\"@type\":\"ImageObject\",\"inLanguage\":\"fr-FR\",\"@id\":\"https:\\\/\\\/guidenaturesarlat.com\\\/index.php\\\/en-tant-que-guide-naturaliste\\\/#primaryimage\",\"url\":\"http:\\\/\\\/guidenaturesarlat.com\\\/wp-content\\\/uploads\\\/2025\\\/01\\\/DSCN7376-scaled.jpg\",\"contentUrl\":\"http:\\\/\\\/guidenaturesarlat.com\\\/wp-content\\\/uploads\\\/2025\\\/01\\\/DSCN7376-scaled.jpg\"},{\"@type\":\"BreadcrumbList\",\"@id\":\"https:\\\/\\\/guidenaturesarlat.com\\\/index.php\\\/en-tant-que-guide-naturaliste\\\/#breadcrumb\",\"itemListElement\":[{\"@type\":\"ListItem\",\"position\":1,\"name\":\"Accueil\",\"item\":\"https:\\\/\\\/guidenaturesarlat.com\\\/\"},{\"@type\":\"ListItem\",\"position\":2,\"name\":\"En tant que Guide Naturaliste\"}]},{\"@type\":\"WebSite\",\"@id\":\"https:\\\/\\\/guidenaturesarlat.com\\\/#website\",\"url\":\"https:\\\/\\\/guidenaturesarlat.com\\\/\",\"name\":\"BUREAU FAUNE FLORE 24\",\"description\":\"Bureau d&#039;\u00e9tudes en expertises des milieux naturels - Implant\u00e9 pr\u00e8s de Sarlat La Can\u00e9da - P\u00e9rigord Noir\",\"publisher\":{\"@id\":\"https:\\\/\\\/guidenaturesarlat.com\\\/#organization\"},\"potentialAction\":[{\"@type\":\"SearchAction\",\"target\":{\"@type\":\"EntryPoint\",\"urlTemplate\":\"https:\\\/\\\/guidenaturesarlat.com\\\/?s={search_term_string}\"},\"query-input\":{\"@type\":\"PropertyValueSpecification\",\"valueRequired\":true,\"valueName\":\"search_term_string\"}}],\"inLanguage\":\"fr-FR\"},{\"@type\":\"Organization\",\"@id\":\"https:\\\/\\\/guidenaturesarlat.com\\\/#organization\",\"name\":\"BUREAU FAUNE FLORE 24\",\"url\":\"https:\\\/\\\/guidenaturesarlat.com\\\/\",\"logo\":{\"@type\":\"ImageObject\",\"inLanguage\":\"fr-FR\",\"@id\":\"https:\\\/\\\/guidenaturesarlat.com\\\/#\\\/schema\\\/logo\\\/image\\\/\",\"url\":\"https:\\\/\\\/guidenaturesarlat.com\\\/wp-content\\\/uploads\\\/2026\\\/02\\\/cropped-Logo2026-4.jpg\",\"contentUrl\":\"https:\\\/\\\/guidenaturesarlat.com\\\/wp-content\\\/uploads\\\/2026\\\/02\\\/cropped-Logo2026-4.jpg\",\"width\":127,\"height\":200,\"caption\":\"BUREAU FAUNE FLORE 24\"},\"image\":{\"@id\":\"https:\\\/\\\/guidenaturesarlat.com\\\/#\\\/schema\\\/logo\\\/image\\\/\"},\"sameAs\":[\"https:\\\/\\\/www.facebook.com\\\/yannicklengletguidenaturaliste?locale=fr_FR\"]}]}<\/script>\n<!-- \/ Yoast SEO plugin. -->","yoast_head_json":{"title":"En tant que Guide Naturaliste - BUREAU FAUNE FLORE 24","robots":{"index":"index","follow":"follow","max-snippet":"max-snippet:-1","max-image-preview":"max-image-preview:large","max-video-preview":"max-video-preview:-1"},"canonical":"https:\/\/guidenaturesarlat.com\/index.php\/en-tant-que-guide-naturaliste\/","og_locale":"fr_FR","og_type":"article","og_title":"En tant que Guide Naturaliste - BUREAU FAUNE FLORE 24","og_description":"Que vous soyez initi\u00e9s ou pas, je vous convie \u00e0 me suivre \u00e0 la d\u00e9couverte de la faune et de la flore des plus beaux [...]","og_url":"https:\/\/guidenaturesarlat.com\/index.php\/en-tant-que-guide-naturaliste\/","og_site_name":"BUREAU FAUNE FLORE 24","article_publisher":"https:\/\/www.facebook.com\/yannicklengletguidenaturaliste?locale=fr_FR","article_modified_time":"2026-04-14T14:04:07+00:00","og_image":[{"url":"http:\/\/guidenaturesarlat.com\/wp-content\/uploads\/2025\/01\/DSCN7376-scaled.jpg","type":"","width":"","height":""}],"twitter_card":"summary_large_image","twitter_misc":{"Dur\u00e9e de lecture estim\u00e9e":"2 minutes"},"schema":{"@context":"https:\/\/schema.org","@graph":[{"@type":"WebPage","@id":"https:\/\/guidenaturesarlat.com\/index.php\/en-tant-que-guide-naturaliste\/","url":"https:\/\/guidenaturesarlat.com\/index.php\/en-tant-que-guide-naturaliste\/","name":"En tant que Guide Naturaliste - BUREAU FAUNE FLORE 24","isPartOf":{"@id":"https:\/\/guidenaturesarlat.com\/#website"},"primaryImageOfPage":{"@id":"https:\/\/guidenaturesarlat.com\/index.php\/en-tant-que-guide-naturaliste\/#primaryimage"},"image":{"@id":"https:\/\/guidenaturesarlat.com\/index.php\/en-tant-que-guide-naturaliste\/#primaryimage"},"thumbnailUrl":"http:\/\/guidenaturesarlat.com\/wp-content\/uploads\/2025\/01\/DSCN7376-scaled.jpg","datePublished":"2024-03-26T13:56:06+00:00","dateModified":"2026-04-14T14:04:07+00:00","breadcrumb":{"@id":"https:\/\/guidenaturesarlat.com\/index.php\/en-tant-que-guide-naturaliste\/#breadcrumb"},"inLanguage":"fr-FR","potentialAction":[{"@type":"ReadAction","target":["https:\/\/guidenaturesarlat.com\/index.php\/en-tant-que-guide-naturaliste\/"]}]},{"@type":"ImageObject","inLanguage":"fr-FR","@id":"https:\/\/guidenaturesarlat.com\/index.php\/en-tant-que-guide-naturaliste\/#primaryimage","url":"http:\/\/guidenaturesarlat.com\/wp-content\/uploads\/2025\/01\/DSCN7376-scaled.jpg","contentUrl":"http:\/\/guidenaturesarlat.com\/wp-content\/uploads\/2025\/01\/DSCN7376-scaled.jpg"},{"@type":"BreadcrumbList","@id":"https:\/\/guidenaturesarlat.com\/index.php\/en-tant-que-guide-naturaliste\/#breadcrumb","itemListElement":[{"@type":"ListItem","position":1,"name":"Accueil","item":"https:\/\/guidenaturesarlat.com\/"},{"@type":"ListItem","position":2,"name":"En tant que Guide Naturaliste"}]},{"@type":"WebSite","@id":"https:\/\/guidenaturesarlat.com\/#website","url":"https:\/\/guidenaturesarlat.com\/","name":"BUREAU FAUNE FLORE 24","description":"Bureau d&#039;\u00e9tudes en expertises des milieux naturels - Implant\u00e9 pr\u00e8s de Sarlat La Can\u00e9da - P\u00e9rigord Noir","publisher":{"@id":"https:\/\/guidenaturesarlat.com\/#organization"},"potentialAction":[{"@type":"SearchAction","target":{"@type":"EntryPoint","urlTemplate":"https:\/\/guidenaturesarlat.com\/?s={search_term_string}"},"query-input":{"@type":"PropertyValueSpecification","valueRequired":true,"valueName":"search_term_string"}}],"inLanguage":"fr-FR"},{"@type":"Organization","@id":"https:\/\/guidenaturesarlat.com\/#organization","name":"BUREAU FAUNE FLORE 24","url":"https:\/\/guidenaturesarlat.com\/","logo":{"@type":"ImageObject","inLanguage":"fr-FR","@id":"https:\/\/guidenaturesarlat.com\/#\/schema\/logo\/image\/","url":"https:\/\/guidenaturesarlat.com\/wp-content\/uploads\/2026\/02\/cropped-Logo2026-4.jpg","contentUrl":"https:\/\/guidenaturesarlat.com\/wp-content\/uploads\/2026\/02\/cropped-Logo2026-4.jpg","width":127,"height":200,"caption":"BUREAU FAUNE FLORE 24"},"image":{"@id":"https:\/\/guidenaturesarlat.com\/#\/schema\/logo\/image\/"},"sameAs":["https:\/\/www.facebook.com\/yannicklengletguidenaturaliste?locale=fr_FR"]}]}},"_links":{"self":[{"href":"https:\/\/guidenaturesarlat.com\/index.php\/wp-json\/wp\/v2\/pages\/8","targetHints":{"allow":["GET"]}}],"collection":[{"href":"https:\/\/guidenaturesarlat.com\/index.php\/wp-json\/wp\/v2\/pages"}],"about":[{"href":"https:\/\/guidenaturesarlat.com\/index.php\/wp-json\/wp\/v2\/types\/page"}],"author":[{"embeddable":true,"href":"https:\/\/guidenaturesarlat.com\/index.php\/wp-json\/wp\/v2\/users\/1"}],"replies":[{"embeddable":true,"href":"https:\/\/guidenaturesarlat.com\/index.php\/wp-json\/wp\/v2\/comments?post=8"}],"version-history":[{"count":6,"href":"https:\/\/guidenaturesarlat.com\/index.php\/wp-json\/wp\/v2\/pages\/8\/revisions"}],"predecessor-version":[{"id":411,"href":"https:\/\/guidenaturesarlat.com\/index.php\/wp-json\/wp\/v2\/pages\/8\/revisions\/411"}],"wp:attachment":[{"href":"https:\/\/guidenaturesarlat.com\/index.php\/wp-json\/wp\/v2\/media?parent=8"}],"curies":[{"name":"wp","href":"https:\/\/api.w.org\/{rel}","templated":true}]}}