{"id":7,"date":"2024-03-26T14:56:06","date_gmt":"2024-03-26T13:56:06","guid":{"rendered":"https:\/\/guidenaturesarlat.com\/?page_id=7"},"modified":"2026-04-16T16:27:47","modified_gmt":"2026-04-16T14:27:47","slug":"en-tant-quecologue","status":"publish","type":"page","link":"https:\/\/guidenaturesarlat.com\/index.php\/en-tant-quecologue\/","title":{"rendered":"En tant qu&rsquo;\u00e9cologue"},"content":{"rendered":"\n<h2>Domaines d&rsquo;intervention<\/h2>\n<p>Je mets mes comp\u00e9tences aux services des porteurs de projets publics comme les mairies, communaut\u00e9s de communes, Conseils D\u00e9partementaux ou priv\u00e9s sous la forme de tout type de structures intervenants dans le domaine des milieux naturels (forestiers, syndicat de rivi\u00e8re, bureaux d&rsquo;\u00e9tudes, campings, etc&#8230;)<\/p>\n<p>Je vous accompagne pour vos dossiers&nbsp; :<\/p>\n\t\t\t<a href=\"https:\/\/guidenaturesarlat.com\/index.php\/en-tant-quecologue\/diagnostic-ecologique-coeur-de-competence-pierre-angulaire-metier-ecologue\/\" target=\"_blank\" rel=\"noopener\">\n\t\t\t\t\t\tDiagnostic naturaliste\n\t\t\t\t\t<\/a>\n\t\t\t<a href=\"https:\/\/guidenaturesarlat.com\/index.php\/en-tant-quecologue\/lexamen-au-cas-par-cas-comprendre-si-votre-projet-necessite-une-evaluation-environnementale\/\" target=\"_blank\" rel=\"noopener\">\n\t\t\t\t\t\tDossier d&rsquo;Examen au Cas par Cas\n\t\t\t\t\t<\/a>\n\t\t\t<a href=\"https:\/\/guidenaturesarlat.com\/index.php\/en-tant-quecologue\/natura-2000-anticiper-les-incidences-de-votre-projet\/\" target=\"_blank\" rel=\"noopener\">\n\t\t\t\t\t\tDossier NATURA 2000\n\t\t\t\t\t<\/a>\n\t\t\t<a href=\"https:\/\/guidenaturesarlat.com\/index.php\/en-tant-quecologue\/etude-dimpact-evaluation-environnementale\/\" target=\"_blank\" rel=\"noopener\">\n\t\t\t\t\t\tEvaluation environnementale\n\t\t\t\t\t<\/a>\n\t\t\t<a href=\"https:\/\/guidenaturesarlat.com\/index.php\/en-tant-quecologue\/etude-dimpact-evaluation-environnementale\/\" target=\"_blank\" rel=\"noopener\">\n\t\t\t\t\t\tEtude d&rsquo;impact\n\t\t\t\t\t<\/a>\n\t\t\t<a href=\"https:\/\/guidenaturesarlat.com\/index.php\/en-tant-quecologue\/quand-faut-il-constituer-un-dossier-especes-protegees\/\" target=\"_blank\" rel=\"noopener\">\n\t\t\t\t\t\tDossier de d\u00e9rogation \u00ab\u00a0Esp\u00e8ces prot\u00e9g\u00e9es\u00a0\u00bb\n\t\t\t\t\t<\/a>\n\t\t\t<a href=\"https:\/\/guidenaturesarlat.com\/index.php\/en-tant-quecologue\/lexamen-au-cas-par-cas-comprendre-si-votre-projet-necessite-une-evaluation-environnementale-copy\/\" target=\"_blank\" rel=\"noopener\">\n\t\t\t\t\t\tSuivis \u00e9cologiques\n\t\t\t\t\t<\/a>\n\t\t\t<a href=\"\" target=\"_self\">\n\t\t\t\t\t\tCartographie : Lev\u00e9e GPS &#8211; Repr\u00e9sentation Cartographique sous QGIS\n\t\t\t\t\t<\/a>\n\t<h2>Mon p\u00e9rim\u00e8tre d&rsquo;intervention<\/h2>\n<p>De fa\u00e7on g\u00e9n\u00e9rale, mon p\u00e9rim\u00e8tre d&rsquo;intervention comprend le d\u00e9partement de la Dordogne ainsi que ces d\u00e9partements limitrophes.<\/p>\n<figure><img decoding=\"async\" src=\"https:\/\/guidenaturesarlat.com\/wp-content\/uploads\/2025\/01\/zone-inter-1024x737.jpeg\" alt=\"\"><\/figure>\n<blockquote>\n<em>Repr\u00e9sentation cartographique r\u00e9alis\u00e9e avec Qgis (Logiciel de cartographie Open Source)<\/em>\n<\/blockquote>\n<p>Je me d\u00e9place plus rarement \u00e0 l&rsquo;ext\u00e9rieur de cette zone, d\u00e9j\u00e0 tr\u00e8s \u00e9tendue.<\/p>\n","protected":false},"excerpt":{"rendered":"<p>Domaines d&rsquo;intervention Je mets mes comp\u00e9tences aux services des porteurs de projets publics comme les mairies, communaut\u00e9s de communes, Conseils D\u00e9partementaux ou priv\u00e9s sous la [&#8230;]<\/p>\n","protected":false},"author":1,"featured_media":0,"parent":0,"menu_order":0,"comment_status":"closed","ping_status":"closed","template":"","meta":{"footnotes":""},"class_list":["post-7","page","type-page","status-publish","hentry"],"yoast_head":"<!-- This site is optimized with the Yoast SEO plugin v27.4 - https:\/\/yoast.com\/product\/yoast-seo-wordpress\/ -->\n<title>\u00c9cologue en Dordogne | Bureau d\u2019\u00e9tude environnemental - BUREAU FAUNE FLORE 24<\/title>\n<meta name=\"description\" content=\"\u00c9cologue en Dordogne : bureau d\u2019\u00e9tude environnemental, expertises naturalistes et accompagnement de vos projets dans le respect de la r\u00e9glementation.\" \/>\n<meta name=\"robots\" content=\"index, follow, max-snippet:-1, max-image-preview:large, max-video-preview:-1\" \/>\n<link rel=\"canonical\" href=\"https:\/\/guidenaturesarlat.com\/index.php\/en-tant-quecologue\/\" \/>\n<meta property=\"og:locale\" content=\"fr_FR\" \/>\n<meta property=\"og:type\" content=\"article\" \/>\n<meta property=\"og:title\" content=\"\u00c9cologue en Dordogne | Bureau d\u2019\u00e9tude environnemental - BUREAU FAUNE FLORE 24\" \/>\n<meta property=\"og:description\" content=\"\u00c9cologue en Dordogne : bureau d\u2019\u00e9tude environnemental, expertises naturalistes et accompagnement de vos projets dans le respect de la r\u00e9glementation.\" \/>\n<meta property=\"og:url\" content=\"https:\/\/guidenaturesarlat.com\/index.php\/en-tant-quecologue\/\" \/>\n<meta property=\"og:site_name\" content=\"BUREAU FAUNE FLORE 24\" \/>\n<meta property=\"article:publisher\" content=\"https:\/\/www.facebook.com\/yannicklengletguidenaturaliste?locale=fr_FR\" \/>\n<meta property=\"article:modified_time\" content=\"2026-04-16T14:27:47+00:00\" \/>\n<meta property=\"og:image\" content=\"https:\/\/guidenaturesarlat.com\/wp-content\/uploads\/2025\/01\/zone-inter-1024x737.jpeg\" \/>\n<meta name=\"twitter:card\" content=\"summary_large_image\" \/>\n<meta name=\"twitter:label1\" content=\"Dur\u00e9e de lecture estim\u00e9e\" \/>\n\t<meta name=\"twitter:data1\" content=\"1 minute\" \/>\n<script type=\"application\/ld+json\" class=\"yoast-schema-graph\">{\"@context\":\"https:\\\/\\\/schema.org\",\"@graph\":[{\"@type\":\"WebPage\",\"@id\":\"https:\\\/\\\/guidenaturesarlat.com\\\/index.php\\\/en-tant-quecologue\\\/\",\"url\":\"https:\\\/\\\/guidenaturesarlat.com\\\/index.php\\\/en-tant-quecologue\\\/\",\"name\":\"\u00c9cologue en Dordogne | Bureau d\u2019\u00e9tude environnemental - BUREAU FAUNE FLORE 24\",\"isPartOf\":{\"@id\":\"https:\\\/\\\/guidenaturesarlat.com\\\/#website\"},\"primaryImageOfPage\":{\"@id\":\"https:\\\/\\\/guidenaturesarlat.com\\\/index.php\\\/en-tant-quecologue\\\/#primaryimage\"},\"image\":{\"@id\":\"https:\\\/\\\/guidenaturesarlat.com\\\/index.php\\\/en-tant-quecologue\\\/#primaryimage\"},\"thumbnailUrl\":\"https:\\\/\\\/guidenaturesarlat.com\\\/wp-content\\\/uploads\\\/2025\\\/01\\\/zone-inter-1024x737.jpeg\",\"datePublished\":\"2024-03-26T13:56:06+00:00\",\"dateModified\":\"2026-04-16T14:27:47+00:00\",\"description\":\"\u00c9cologue en Dordogne : bureau d\u2019\u00e9tude environnemental, expertises naturalistes et accompagnement de vos projets dans le respect de la r\u00e9glementation.\",\"breadcrumb\":{\"@id\":\"https:\\\/\\\/guidenaturesarlat.com\\\/index.php\\\/en-tant-quecologue\\\/#breadcrumb\"},\"inLanguage\":\"fr-FR\",\"potentialAction\":[{\"@type\":\"ReadAction\",\"target\":[\"https:\\\/\\\/guidenaturesarlat.com\\\/index.php\\\/en-tant-quecologue\\\/\"]}]},{\"@type\":\"ImageObject\",\"inLanguage\":\"fr-FR\",\"@id\":\"https:\\\/\\\/guidenaturesarlat.com\\\/index.php\\\/en-tant-quecologue\\\/#primaryimage\",\"url\":\"https:\\\/\\\/guidenaturesarlat.com\\\/wp-content\\\/uploads\\\/2025\\\/01\\\/zone-inter-1024x737.jpeg\",\"contentUrl\":\"https:\\\/\\\/guidenaturesarlat.com\\\/wp-content\\\/uploads\\\/2025\\\/01\\\/zone-inter-1024x737.jpeg\"},{\"@type\":\"BreadcrumbList\",\"@id\":\"https:\\\/\\\/guidenaturesarlat.com\\\/index.php\\\/en-tant-quecologue\\\/#breadcrumb\",\"itemListElement\":[{\"@type\":\"ListItem\",\"position\":1,\"name\":\"Accueil\",\"item\":\"https:\\\/\\\/guidenaturesarlat.com\\\/\"},{\"@type\":\"ListItem\",\"position\":2,\"name\":\"En tant qu&rsquo;\u00e9cologue\"}]},{\"@type\":\"WebSite\",\"@id\":\"https:\\\/\\\/guidenaturesarlat.com\\\/#website\",\"url\":\"https:\\\/\\\/guidenaturesarlat.com\\\/\",\"name\":\"BUREAU FAUNE FLORE 24\",\"description\":\"Bureau d&#039;\u00e9tudes en expertises des milieux naturels - Implant\u00e9 pr\u00e8s de Sarlat La Can\u00e9da - P\u00e9rigord Noir\",\"publisher\":{\"@id\":\"https:\\\/\\\/guidenaturesarlat.com\\\/#organization\"},\"potentialAction\":[{\"@type\":\"SearchAction\",\"target\":{\"@type\":\"EntryPoint\",\"urlTemplate\":\"https:\\\/\\\/guidenaturesarlat.com\\\/?s={search_term_string}\"},\"query-input\":{\"@type\":\"PropertyValueSpecification\",\"valueRequired\":true,\"valueName\":\"search_term_string\"}}],\"inLanguage\":\"fr-FR\"},{\"@type\":\"Organization\",\"@id\":\"https:\\\/\\\/guidenaturesarlat.com\\\/#organization\",\"name\":\"BUREAU FAUNE FLORE 24\",\"url\":\"https:\\\/\\\/guidenaturesarlat.com\\\/\",\"logo\":{\"@type\":\"ImageObject\",\"inLanguage\":\"fr-FR\",\"@id\":\"https:\\\/\\\/guidenaturesarlat.com\\\/#\\\/schema\\\/logo\\\/image\\\/\",\"url\":\"https:\\\/\\\/guidenaturesarlat.com\\\/wp-content\\\/uploads\\\/2026\\\/02\\\/cropped-Logo2026-4.jpg\",\"contentUrl\":\"https:\\\/\\\/guidenaturesarlat.com\\\/wp-content\\\/uploads\\\/2026\\\/02\\\/cropped-Logo2026-4.jpg\",\"width\":127,\"height\":200,\"caption\":\"BUREAU FAUNE FLORE 24\"},\"image\":{\"@id\":\"https:\\\/\\\/guidenaturesarlat.com\\\/#\\\/schema\\\/logo\\\/image\\\/\"},\"sameAs\":[\"https:\\\/\\\/www.facebook.com\\\/yannicklengletguidenaturaliste?locale=fr_FR\"]}]}<\/script>\n<!-- \/ Yoast SEO plugin. -->","yoast_head_json":{"title":"\u00c9cologue en Dordogne | Bureau d\u2019\u00e9tude environnemental - BUREAU FAUNE FLORE 24","description":"\u00c9cologue en Dordogne : bureau d\u2019\u00e9tude environnemental, expertises naturalistes et accompagnement de vos projets dans le respect de la r\u00e9glementation.","robots":{"index":"index","follow":"follow","max-snippet":"max-snippet:-1","max-image-preview":"max-image-preview:large","max-video-preview":"max-video-preview:-1"},"canonical":"https:\/\/guidenaturesarlat.com\/index.php\/en-tant-quecologue\/","og_locale":"fr_FR","og_type":"article","og_title":"\u00c9cologue en Dordogne | Bureau d\u2019\u00e9tude environnemental - BUREAU FAUNE FLORE 24","og_description":"\u00c9cologue en Dordogne : bureau d\u2019\u00e9tude environnemental, expertises naturalistes et accompagnement de vos projets dans le respect de la r\u00e9glementation.","og_url":"https:\/\/guidenaturesarlat.com\/index.php\/en-tant-quecologue\/","og_site_name":"BUREAU FAUNE FLORE 24","article_publisher":"https:\/\/www.facebook.com\/yannicklengletguidenaturaliste?locale=fr_FR","article_modified_time":"2026-04-16T14:27:47+00:00","og_image":[{"url":"https:\/\/guidenaturesarlat.com\/wp-content\/uploads\/2025\/01\/zone-inter-1024x737.jpeg","type":"","width":"","height":""}],"twitter_card":"summary_large_image","twitter_misc":{"Dur\u00e9e de lecture estim\u00e9e":"1 minute"},"schema":{"@context":"https:\/\/schema.org","@graph":[{"@type":"WebPage","@id":"https:\/\/guidenaturesarlat.com\/index.php\/en-tant-quecologue\/","url":"https:\/\/guidenaturesarlat.com\/index.php\/en-tant-quecologue\/","name":"\u00c9cologue en Dordogne | Bureau d\u2019\u00e9tude environnemental - BUREAU FAUNE FLORE 24","isPartOf":{"@id":"https:\/\/guidenaturesarlat.com\/#website"},"primaryImageOfPage":{"@id":"https:\/\/guidenaturesarlat.com\/index.php\/en-tant-quecologue\/#primaryimage"},"image":{"@id":"https:\/\/guidenaturesarlat.com\/index.php\/en-tant-quecologue\/#primaryimage"},"thumbnailUrl":"https:\/\/guidenaturesarlat.com\/wp-content\/uploads\/2025\/01\/zone-inter-1024x737.jpeg","datePublished":"2024-03-26T13:56:06+00:00","dateModified":"2026-04-16T14:27:47+00:00","description":"\u00c9cologue en Dordogne : bureau d\u2019\u00e9tude environnemental, expertises naturalistes et accompagnement de vos projets dans le respect de la r\u00e9glementation.","breadcrumb":{"@id":"https:\/\/guidenaturesarlat.com\/index.php\/en-tant-quecologue\/#breadcrumb"},"inLanguage":"fr-FR","potentialAction":[{"@type":"ReadAction","target":["https:\/\/guidenaturesarlat.com\/index.php\/en-tant-quecologue\/"]}]},{"@type":"ImageObject","inLanguage":"fr-FR","@id":"https:\/\/guidenaturesarlat.com\/index.php\/en-tant-quecologue\/#primaryimage","url":"https:\/\/guidenaturesarlat.com\/wp-content\/uploads\/2025\/01\/zone-inter-1024x737.jpeg","contentUrl":"https:\/\/guidenaturesarlat.com\/wp-content\/uploads\/2025\/01\/zone-inter-1024x737.jpeg"},{"@type":"BreadcrumbList","@id":"https:\/\/guidenaturesarlat.com\/index.php\/en-tant-quecologue\/#breadcrumb","itemListElement":[{"@type":"ListItem","position":1,"name":"Accueil","item":"https:\/\/guidenaturesarlat.com\/"},{"@type":"ListItem","position":2,"name":"En tant qu&rsquo;\u00e9cologue"}]},{"@type":"WebSite","@id":"https:\/\/guidenaturesarlat.com\/#website","url":"https:\/\/guidenaturesarlat.com\/","name":"BUREAU FAUNE FLORE 24","description":"Bureau d&#039;\u00e9tudes en expertises des milieux naturels - Implant\u00e9 pr\u00e8s de Sarlat La Can\u00e9da - P\u00e9rigord Noir","publisher":{"@id":"https:\/\/guidenaturesarlat.com\/#organization"},"potentialAction":[{"@type":"SearchAction","target":{"@type":"EntryPoint","urlTemplate":"https:\/\/guidenaturesarlat.com\/?s={search_term_string}"},"query-input":{"@type":"PropertyValueSpecification","valueRequired":true,"valueName":"search_term_string"}}],"inLanguage":"fr-FR"},{"@type":"Organization","@id":"https:\/\/guidenaturesarlat.com\/#organization","name":"BUREAU FAUNE FLORE 24","url":"https:\/\/guidenaturesarlat.com\/","logo":{"@type":"ImageObject","inLanguage":"fr-FR","@id":"https:\/\/guidenaturesarlat.com\/#\/schema\/logo\/image\/","url":"https:\/\/guidenaturesarlat.com\/wp-content\/uploads\/2026\/02\/cropped-Logo2026-4.jpg","contentUrl":"https:\/\/guidenaturesarlat.com\/wp-content\/uploads\/2026\/02\/cropped-Logo2026-4.jpg","width":127,"height":200,"caption":"BUREAU FAUNE FLORE 24"},"image":{"@id":"https:\/\/guidenaturesarlat.com\/#\/schema\/logo\/image\/"},"sameAs":["https:\/\/www.facebook.com\/yannicklengletguidenaturaliste?locale=fr_FR"]}]}},"_links":{"self":[{"href":"https:\/\/guidenaturesarlat.com\/index.php\/wp-json\/wp\/v2\/pages\/7","targetHints":{"allow":["GET"]}}],"collection":[{"href":"https:\/\/guidenaturesarlat.com\/index.php\/wp-json\/wp\/v2\/pages"}],"about":[{"href":"https:\/\/guidenaturesarlat.com\/index.php\/wp-json\/wp\/v2\/types\/page"}],"author":[{"embeddable":true,"href":"https:\/\/guidenaturesarlat.com\/index.php\/wp-json\/wp\/v2\/users\/1"}],"replies":[{"embeddable":true,"href":"https:\/\/guidenaturesarlat.com\/index.php\/wp-json\/wp\/v2\/comments?post=7"}],"version-history":[{"count":10,"href":"https:\/\/guidenaturesarlat.com\/index.php\/wp-json\/wp\/v2\/pages\/7\/revisions"}],"predecessor-version":[{"id":414,"href":"https:\/\/guidenaturesarlat.com\/index.php\/wp-json\/wp\/v2\/pages\/7\/revisions\/414"}],"wp:attachment":[{"href":"https:\/\/guidenaturesarlat.com\/index.php\/wp-json\/wp\/v2\/media?parent=7"}],"curies":[{"name":"wp","href":"https:\/\/api.w.org\/{rel}","templated":true}]}}