{"id":429,"date":"2026-04-16T11:40:19","date_gmt":"2026-04-16T09:40:19","guid":{"rendered":"https:\/\/guidenaturesarlat.com\/?page_id=429"},"modified":"2026-04-16T16:05:25","modified_gmt":"2026-04-16T14:05:25","slug":"faq-balade-nature-a-sarlat-sorties-nature-dordogne","status":"publish","type":"page","link":"https:\/\/guidenaturesarlat.com\/index.php\/faq-balade-nature-a-sarlat-sorties-nature-dordogne\/","title":{"rendered":"FAQ ( Foire aux Questions)"},"content":{"rendered":"\n<h1>\n\t\t\tBalades nature \u00e0 Sarlat et en Dordogne\t<\/h1>\n<h2>\n\t\t\tQuelles balades nature peut-on faire \u00e0 Sarlat ?\t<\/h2>\n\t<p>Oui, il est tout \u00e0 fait possible d&rsquo;organiser une balade nature en groupe \u00e0 Sarlat et sa r\u00e9gion.<\/p>\n<p>Les sorties sont sp\u00e9cialement con\u00e7ues pour les groupes d\u00e9j\u00e0 constitu\u00e9s : familles, associations, entreprises ou groupes scolaires.<\/p>\n<p>Chaque sortie nature en Dordogne est adapt\u00e9e au niveau et aux attentes du groupe, pour une exp\u00e9rience conviviale et accessible.<\/p>\n<h2>\n\t\t\tLes balades nature sont-elles adapt\u00e9es aux enfants ?\t<\/h2>\n\t<p>Oui, les balades nature peuvent \u00eatre adapt\u00e9es aux enfants, avec des activit\u00e9s ludiques et p\u00e9dagogiques.<\/p>\n<p>C&rsquo;est le cas par exemple dans le cadre du programme de l&rsquo;\u00e9t\u00e9 actif.<\/p>\n<p>L&rsquo;objectif est de rendre la d\u00e9couverte de la nature accessible et amusante.<\/p>\n<h2>\n\t\t\tPeut-on organiser une balade nature en groupe ?\t<\/h2>\n\t<p>Il est tout \u00e0 fait possible d&rsquo;organiser une balade nature en groupe \u00e0 Sarlat.<\/p>\n<p>Les sorties sont con\u00e7ues pour les groupes d\u00e9j\u00e0 constitu\u00e9s : familles, associations, entreprises ou scolaires.<\/p>\n<p>Mes itin\u00e9raires vont de la simple balade d&rsquo;une 1\/2 journ\u00e9e \u00e0 la randonn\u00e9e sur plusieurs jours<\/p>\n<p>&nbsp;<\/p>\n<h2>\n\t\t\tCombien co\u00fbte une sortie nature avec un guide ?\t<\/h2>\n\t<p>Le tarif d\u00e9pend essentiellement de la dur\u00e9e et du type de sortie. Je fonctionne au forfait. Ainsi pour l&rsquo;ann\u00e9e 2026, les tarifs sont pour :<\/p>\n<p><strong>1\/2 journ\u00e9e : 210 euros<\/strong><\/p>\n<p><strong>1 journ\u00e9e compl\u00e8te : 390 euros<\/strong><\/p>\n<p>Il est conseill\u00e9 de prendre contact pour obtenir une proposition adapt\u00e9e.<\/p>\n<h2>\n\t\t\tQue faire \u00e0 Sarlat en pleine nature ?\t<\/h2>\n\t<p>Il existe de nombreux sentiers p\u00e9destres dans la r\u00e9gion de Sarlat.<\/p>\n<p>Ils permettent de d\u00e9couvrir la faune et la flore typique de la r\u00e9gion.<\/p>\n<p>Ainsi, le long des falaises, vous pourrez observer de Mars \u00e0 Juin le faucon p\u00e8lerin, mais aussi le hibou grand duc, et de nombreuses autres esp\u00e8ces d&rsquo;oiseaux<\/p>\n<p>Les causses vous ravirons par la multitude d&rsquo;esp\u00e8ces d&rsquo;orchid\u00e9es que l&rsquo;on peut y d\u00e9couvrir<\/p>\n<p>Les vall\u00e9es, Dordogne, V\u00e9z\u00e8re, Mais aussi C\u00e9ou, Beunes et Coly sont tr\u00e8s pr\u00e9serv\u00e9es, et accueillent par exemple la Loutre d&rsquo;Europe. Vous y observerai aussi martin p\u00eacheurs, h\u00e9rons, rapaces, libellules&#8230;<\/p>\n<h2>\n\t\t\tO\u00f9 se d\u00e9roulent les balades nature ?\t<\/h2>\n\t<p>Les sorties ont lieu autour de Sarlat et dans diff\u00e9rents sites naturels de Dordogne, choisis en fonction de la saison et des objectifs de la balade.<\/p>\n<p>En tant que guide naturaliste, les sites que je propose \u00e0 la d\u00e9couverte se trouvent tous dans un p\u00e9rim\u00e8tre de 30 kms autour de Sarlat.<\/p>\n\n","protected":false},"excerpt":{"rendered":"<p>Balades nature \u00e0 Sarlat et en Dordogne Quelles balades nature peut-on faire \u00e0 Sarlat ? Oui, il est tout \u00e0 fait possible d&rsquo;organiser une balade [&#8230;]<\/p>\n","protected":false},"author":1,"featured_media":0,"parent":0,"menu_order":0,"comment_status":"closed","ping_status":"closed","template":"","meta":{"footnotes":""},"class_list":["post-429","page","type-page","status-publish","hentry"],"yoast_head":"<!-- This site is optimized with the Yoast SEO plugin v27.4 - https:\/\/yoast.com\/product\/yoast-seo-wordpress\/ -->\n<title>FAQ ( Foire aux Questions) - BUREAU FAUNE FLORE 24<\/title>\n<meta name=\"description\" content=\"Toutes les r\u00e9ponses sur les balades nature \u00e0 Sarlat : groupes, familles et organisation de sorties guid\u00e9es en Dordogne, pour une exp\u00e9rience nature inoubliable en P\u00e9rigord noir.\" \/>\n<meta name=\"robots\" content=\"index, follow, max-snippet:-1, max-image-preview:large, max-video-preview:-1\" \/>\n<link rel=\"canonical\" href=\"https:\/\/guidenaturesarlat.com\/index.php\/faq-balade-nature-a-sarlat-sorties-nature-dordogne\/\" \/>\n<meta property=\"og:locale\" content=\"fr_FR\" \/>\n<meta property=\"og:type\" content=\"article\" \/>\n<meta property=\"og:title\" content=\"FAQ ( Foire aux Questions) - BUREAU FAUNE FLORE 24\" \/>\n<meta property=\"og:description\" content=\"Toutes les r\u00e9ponses sur les balades nature \u00e0 Sarlat : groupes, familles et organisation de sorties guid\u00e9es en Dordogne, pour une exp\u00e9rience nature inoubliable en P\u00e9rigord noir.\" \/>\n<meta property=\"og:url\" content=\"https:\/\/guidenaturesarlat.com\/index.php\/faq-balade-nature-a-sarlat-sorties-nature-dordogne\/\" \/>\n<meta property=\"og:site_name\" content=\"BUREAU FAUNE FLORE 24\" \/>\n<meta property=\"article:publisher\" content=\"https:\/\/www.facebook.com\/yannicklengletguidenaturaliste?locale=fr_FR\" \/>\n<meta property=\"article:modified_time\" content=\"2026-04-16T14:05:25+00:00\" \/>\n<meta name=\"twitter:card\" content=\"summary_large_image\" \/>\n<meta name=\"twitter:label1\" content=\"Dur\u00e9e de lecture estim\u00e9e\" \/>\n\t<meta name=\"twitter:data1\" content=\"2 minutes\" \/>\n<script type=\"application\/ld+json\" class=\"yoast-schema-graph\">{\"@context\":\"https:\\\/\\\/schema.org\",\"@graph\":[{\"@type\":\"WebPage\",\"@id\":\"https:\\\/\\\/guidenaturesarlat.com\\\/index.php\\\/faq-balade-nature-a-sarlat-sorties-nature-dordogne\\\/\",\"url\":\"https:\\\/\\\/guidenaturesarlat.com\\\/index.php\\\/faq-balade-nature-a-sarlat-sorties-nature-dordogne\\\/\",\"name\":\"FAQ ( Foire aux Questions) - BUREAU FAUNE FLORE 24\",\"isPartOf\":{\"@id\":\"https:\\\/\\\/guidenaturesarlat.com\\\/#website\"},\"datePublished\":\"2026-04-16T09:40:19+00:00\",\"dateModified\":\"2026-04-16T14:05:25+00:00\",\"description\":\"Toutes les r\u00e9ponses sur les balades nature \u00e0 Sarlat : groupes, familles et organisation de sorties guid\u00e9es en Dordogne, pour une exp\u00e9rience nature inoubliable en P\u00e9rigord noir.\",\"breadcrumb\":{\"@id\":\"https:\\\/\\\/guidenaturesarlat.com\\\/index.php\\\/faq-balade-nature-a-sarlat-sorties-nature-dordogne\\\/#breadcrumb\"},\"inLanguage\":\"fr-FR\",\"potentialAction\":[{\"@type\":\"ReadAction\",\"target\":[\"https:\\\/\\\/guidenaturesarlat.com\\\/index.php\\\/faq-balade-nature-a-sarlat-sorties-nature-dordogne\\\/\"]}]},{\"@type\":\"BreadcrumbList\",\"@id\":\"https:\\\/\\\/guidenaturesarlat.com\\\/index.php\\\/faq-balade-nature-a-sarlat-sorties-nature-dordogne\\\/#breadcrumb\",\"itemListElement\":[{\"@type\":\"ListItem\",\"position\":1,\"name\":\"Accueil\",\"item\":\"https:\\\/\\\/guidenaturesarlat.com\\\/\"},{\"@type\":\"ListItem\",\"position\":2,\"name\":\"FAQ ( Foire aux Questions)\"}]},{\"@type\":\"WebSite\",\"@id\":\"https:\\\/\\\/guidenaturesarlat.com\\\/#website\",\"url\":\"https:\\\/\\\/guidenaturesarlat.com\\\/\",\"name\":\"BUREAU FAUNE FLORE 24\",\"description\":\"Bureau d&#039;\u00e9tudes en expertises des milieux naturels - Implant\u00e9 pr\u00e8s de Sarlat La Can\u00e9da - P\u00e9rigord Noir\",\"publisher\":{\"@id\":\"https:\\\/\\\/guidenaturesarlat.com\\\/#organization\"},\"potentialAction\":[{\"@type\":\"SearchAction\",\"target\":{\"@type\":\"EntryPoint\",\"urlTemplate\":\"https:\\\/\\\/guidenaturesarlat.com\\\/?s={search_term_string}\"},\"query-input\":{\"@type\":\"PropertyValueSpecification\",\"valueRequired\":true,\"valueName\":\"search_term_string\"}}],\"inLanguage\":\"fr-FR\"},{\"@type\":\"Organization\",\"@id\":\"https:\\\/\\\/guidenaturesarlat.com\\\/#organization\",\"name\":\"BUREAU FAUNE FLORE 24\",\"url\":\"https:\\\/\\\/guidenaturesarlat.com\\\/\",\"logo\":{\"@type\":\"ImageObject\",\"inLanguage\":\"fr-FR\",\"@id\":\"https:\\\/\\\/guidenaturesarlat.com\\\/#\\\/schema\\\/logo\\\/image\\\/\",\"url\":\"https:\\\/\\\/guidenaturesarlat.com\\\/wp-content\\\/uploads\\\/2026\\\/02\\\/cropped-Logo2026-4.jpg\",\"contentUrl\":\"https:\\\/\\\/guidenaturesarlat.com\\\/wp-content\\\/uploads\\\/2026\\\/02\\\/cropped-Logo2026-4.jpg\",\"width\":127,\"height\":200,\"caption\":\"BUREAU FAUNE FLORE 24\"},\"image\":{\"@id\":\"https:\\\/\\\/guidenaturesarlat.com\\\/#\\\/schema\\\/logo\\\/image\\\/\"},\"sameAs\":[\"https:\\\/\\\/www.facebook.com\\\/yannicklengletguidenaturaliste?locale=fr_FR\"]}]}<\/script>\n<!-- \/ Yoast SEO plugin. -->","yoast_head_json":{"title":"FAQ ( Foire aux Questions) - BUREAU FAUNE FLORE 24","description":"Toutes les r\u00e9ponses sur les balades nature \u00e0 Sarlat : groupes, familles et organisation de sorties guid\u00e9es en Dordogne, pour une exp\u00e9rience nature inoubliable en P\u00e9rigord noir.","robots":{"index":"index","follow":"follow","max-snippet":"max-snippet:-1","max-image-preview":"max-image-preview:large","max-video-preview":"max-video-preview:-1"},"canonical":"https:\/\/guidenaturesarlat.com\/index.php\/faq-balade-nature-a-sarlat-sorties-nature-dordogne\/","og_locale":"fr_FR","og_type":"article","og_title":"FAQ ( Foire aux Questions) - BUREAU FAUNE FLORE 24","og_description":"Toutes les r\u00e9ponses sur les balades nature \u00e0 Sarlat : groupes, familles et organisation de sorties guid\u00e9es en Dordogne, pour une exp\u00e9rience nature inoubliable en P\u00e9rigord noir.","og_url":"https:\/\/guidenaturesarlat.com\/index.php\/faq-balade-nature-a-sarlat-sorties-nature-dordogne\/","og_site_name":"BUREAU FAUNE FLORE 24","article_publisher":"https:\/\/www.facebook.com\/yannicklengletguidenaturaliste?locale=fr_FR","article_modified_time":"2026-04-16T14:05:25+00:00","twitter_card":"summary_large_image","twitter_misc":{"Dur\u00e9e de lecture estim\u00e9e":"2 minutes"},"schema":{"@context":"https:\/\/schema.org","@graph":[{"@type":"WebPage","@id":"https:\/\/guidenaturesarlat.com\/index.php\/faq-balade-nature-a-sarlat-sorties-nature-dordogne\/","url":"https:\/\/guidenaturesarlat.com\/index.php\/faq-balade-nature-a-sarlat-sorties-nature-dordogne\/","name":"FAQ ( Foire aux Questions) - BUREAU FAUNE FLORE 24","isPartOf":{"@id":"https:\/\/guidenaturesarlat.com\/#website"},"datePublished":"2026-04-16T09:40:19+00:00","dateModified":"2026-04-16T14:05:25+00:00","description":"Toutes les r\u00e9ponses sur les balades nature \u00e0 Sarlat : groupes, familles et organisation de sorties guid\u00e9es en Dordogne, pour une exp\u00e9rience nature inoubliable en P\u00e9rigord noir.","breadcrumb":{"@id":"https:\/\/guidenaturesarlat.com\/index.php\/faq-balade-nature-a-sarlat-sorties-nature-dordogne\/#breadcrumb"},"inLanguage":"fr-FR","potentialAction":[{"@type":"ReadAction","target":["https:\/\/guidenaturesarlat.com\/index.php\/faq-balade-nature-a-sarlat-sorties-nature-dordogne\/"]}]},{"@type":"BreadcrumbList","@id":"https:\/\/guidenaturesarlat.com\/index.php\/faq-balade-nature-a-sarlat-sorties-nature-dordogne\/#breadcrumb","itemListElement":[{"@type":"ListItem","position":1,"name":"Accueil","item":"https:\/\/guidenaturesarlat.com\/"},{"@type":"ListItem","position":2,"name":"FAQ ( Foire aux Questions)"}]},{"@type":"WebSite","@id":"https:\/\/guidenaturesarlat.com\/#website","url":"https:\/\/guidenaturesarlat.com\/","name":"BUREAU FAUNE FLORE 24","description":"Bureau d&#039;\u00e9tudes en expertises des milieux naturels - Implant\u00e9 pr\u00e8s de Sarlat La Can\u00e9da - P\u00e9rigord Noir","publisher":{"@id":"https:\/\/guidenaturesarlat.com\/#organization"},"potentialAction":[{"@type":"SearchAction","target":{"@type":"EntryPoint","urlTemplate":"https:\/\/guidenaturesarlat.com\/?s={search_term_string}"},"query-input":{"@type":"PropertyValueSpecification","valueRequired":true,"valueName":"search_term_string"}}],"inLanguage":"fr-FR"},{"@type":"Organization","@id":"https:\/\/guidenaturesarlat.com\/#organization","name":"BUREAU FAUNE FLORE 24","url":"https:\/\/guidenaturesarlat.com\/","logo":{"@type":"ImageObject","inLanguage":"fr-FR","@id":"https:\/\/guidenaturesarlat.com\/#\/schema\/logo\/image\/","url":"https:\/\/guidenaturesarlat.com\/wp-content\/uploads\/2026\/02\/cropped-Logo2026-4.jpg","contentUrl":"https:\/\/guidenaturesarlat.com\/wp-content\/uploads\/2026\/02\/cropped-Logo2026-4.jpg","width":127,"height":200,"caption":"BUREAU FAUNE FLORE 24"},"image":{"@id":"https:\/\/guidenaturesarlat.com\/#\/schema\/logo\/image\/"},"sameAs":["https:\/\/www.facebook.com\/yannicklengletguidenaturaliste?locale=fr_FR"]}]}},"_links":{"self":[{"href":"https:\/\/guidenaturesarlat.com\/index.php\/wp-json\/wp\/v2\/pages\/429","targetHints":{"allow":["GET"]}}],"collection":[{"href":"https:\/\/guidenaturesarlat.com\/index.php\/wp-json\/wp\/v2\/pages"}],"about":[{"href":"https:\/\/guidenaturesarlat.com\/index.php\/wp-json\/wp\/v2\/types\/page"}],"author":[{"embeddable":true,"href":"https:\/\/guidenaturesarlat.com\/index.php\/wp-json\/wp\/v2\/users\/1"}],"replies":[{"embeddable":true,"href":"https:\/\/guidenaturesarlat.com\/index.php\/wp-json\/wp\/v2\/comments?post=429"}],"version-history":[{"count":5,"href":"https:\/\/guidenaturesarlat.com\/index.php\/wp-json\/wp\/v2\/pages\/429\/revisions"}],"predecessor-version":[{"id":436,"href":"https:\/\/guidenaturesarlat.com\/index.php\/wp-json\/wp\/v2\/pages\/429\/revisions\/436"}],"wp:attachment":[{"href":"https:\/\/guidenaturesarlat.com\/index.php\/wp-json\/wp\/v2\/media?parent=429"}],"curies":[{"name":"wp","href":"https:\/\/api.w.org\/{rel}","templated":true}]}}