{"id":267,"date":"2026-02-17T14:43:02","date_gmt":"2026-02-17T13:43:02","guid":{"rendered":"https:\/\/guidenaturesarlat.com\/?page_id=267"},"modified":"2026-02-20T17:19:34","modified_gmt":"2026-02-20T16:19:34","slug":"une-expertise-naturaliste-pleinement-integree-aux-equipes-de-projet","status":"publish","type":"page","link":"https:\/\/guidenaturesarlat.com\/index.php\/en-tant-quecologue\/une-expertise-naturaliste-pleinement-integree-aux-equipes-de-projet\/","title":{"rendered":"Une expertise naturaliste pleinement int\u00e9gr\u00e9e aux \u00e9quipes de projet"},"content":{"rendered":"\n<h1>\n\t\t\tUne expertise naturaliste pleinement int\u00e9gr\u00e9e aux \u00e9quipes de projet\t<\/h1>\n\t<p>Dans le cadre des \u00e9tudes d&rsquo;impact et des \u00e9valuations environnementales, j&rsquo;interviens r\u00e9guli\u00e8rement au sein de groupements pluridisciplinaires.<\/p>\n<p>Ces projets sont souvent pilot\u00e9s par un bureau d&rsquo;\u00e9tudes mandataire (AMO, VRD, urbanisme, architecture, hydraulique&#8230;), charg\u00e9 de coordonner l&rsquo;ensemble des volets techniques.<\/p>\nMon r\u00f4le est clairement identifi\u00e9 :<br \/>\nje suis responsable du volet \u00e9cologique et des espaces naturels.\n<p>J&rsquo;assure personnellement :<\/p>\nles investigations naturalistes de terrain<br \/>\nl&rsquo;analyse des habitats et des esp\u00e8ces<br \/>\nla hi\u00e9rarchisation des enjeux \u00e9cologiques<br \/>\nla r\u00e9daction compl\u00e8te du volet \u00ab milieu naturel \u00bb<br \/>\nla d\u00e9finition des mesures d&rsquo;\u00e9vitement, de r\u00e9duction et, si n\u00e9cessaire, de compensation<br \/>\nCette organisation permet d&rsquo;allier :\nla solidit\u00e9 technique d&rsquo;\u00e9quipes structur\u00e9es sur les volets urbanisme, hydraulique ou VRD<br \/>\net une expertise naturaliste de terrain ind\u00e9pendante, pr\u00e9cise et argument\u00e9e<br \/>\nJe conserve une autonomie d&rsquo;analyse et une exigence scientifique dans l&rsquo;\u00e9valuation des enjeux \u00e9cologiques.\n<p>C&rsquo;est cette compl\u00e9mentarit\u00e9 qui garantit des dossiers coh\u00e9rents, techniquement solides et proportionn\u00e9s aux enjeux r\u00e9els du site.<\/p>\n<p>.<\/p>\n\n","protected":false},"excerpt":{"rendered":"<p>Une expertise naturaliste pleinement int\u00e9gr\u00e9e aux \u00e9quipes de projet Dans le cadre des \u00e9tudes d&rsquo;impact et des \u00e9valuations environnementales, j&rsquo;interviens r\u00e9guli\u00e8rement au sein de groupements [&#8230;]<\/p>\n","protected":false},"author":1,"featured_media":0,"parent":7,"menu_order":0,"comment_status":"closed","ping_status":"closed","template":"templates\/template-fullwidth.php","meta":{"footnotes":""},"class_list":["post-267","page","type-page","status-publish","hentry"],"yoast_head":"<!-- This site is optimized with the Yoast SEO plugin v27.4 - https:\/\/yoast.com\/product\/yoast-seo-wordpress\/ -->\n<title>Une expertise naturaliste pleinement int\u00e9gr\u00e9e aux \u00e9quipes de projet - BUREAU FAUNE FLORE 24<\/title>\n<meta name=\"robots\" content=\"index, follow, max-snippet:-1, max-image-preview:large, max-video-preview:-1\" \/>\n<link rel=\"canonical\" href=\"https:\/\/guidenaturesarlat.com\/index.php\/en-tant-quecologue\/une-expertise-naturaliste-pleinement-integree-aux-equipes-de-projet\/\" \/>\n<meta property=\"og:locale\" content=\"fr_FR\" \/>\n<meta property=\"og:type\" content=\"article\" \/>\n<meta property=\"og:title\" content=\"Une expertise naturaliste pleinement int\u00e9gr\u00e9e aux \u00e9quipes de projet - BUREAU FAUNE FLORE 24\" \/>\n<meta property=\"og:description\" content=\"Une expertise naturaliste pleinement int\u00e9gr\u00e9e aux \u00e9quipes de projet Dans le cadre des \u00e9tudes d&rsquo;impact et des \u00e9valuations environnementales, j&rsquo;interviens r\u00e9guli\u00e8rement au sein de groupements [...]\" \/>\n<meta property=\"og:url\" content=\"https:\/\/guidenaturesarlat.com\/index.php\/en-tant-quecologue\/une-expertise-naturaliste-pleinement-integree-aux-equipes-de-projet\/\" \/>\n<meta property=\"og:site_name\" content=\"BUREAU FAUNE FLORE 24\" \/>\n<meta property=\"article:publisher\" content=\"https:\/\/www.facebook.com\/yannicklengletguidenaturaliste?locale=fr_FR\" \/>\n<meta property=\"article:modified_time\" content=\"2026-02-20T16:19:34+00:00\" \/>\n<meta name=\"twitter:card\" content=\"summary_large_image\" \/>\n<meta name=\"twitter:label1\" content=\"Dur\u00e9e de lecture estim\u00e9e\" \/>\n\t<meta name=\"twitter:data1\" content=\"1 minute\" \/>\n<script type=\"application\/ld+json\" class=\"yoast-schema-graph\">{\"@context\":\"https:\\\/\\\/schema.org\",\"@graph\":[{\"@type\":\"WebPage\",\"@id\":\"https:\\\/\\\/guidenaturesarlat.com\\\/index.php\\\/en-tant-quecologue\\\/une-expertise-naturaliste-pleinement-integree-aux-equipes-de-projet\\\/\",\"url\":\"https:\\\/\\\/guidenaturesarlat.com\\\/index.php\\\/en-tant-quecologue\\\/une-expertise-naturaliste-pleinement-integree-aux-equipes-de-projet\\\/\",\"name\":\"Une expertise naturaliste pleinement int\u00e9gr\u00e9e aux \u00e9quipes de projet - BUREAU FAUNE FLORE 24\",\"isPartOf\":{\"@id\":\"https:\\\/\\\/guidenaturesarlat.com\\\/#website\"},\"datePublished\":\"2026-02-17T13:43:02+00:00\",\"dateModified\":\"2026-02-20T16:19:34+00:00\",\"breadcrumb\":{\"@id\":\"https:\\\/\\\/guidenaturesarlat.com\\\/index.php\\\/en-tant-quecologue\\\/une-expertise-naturaliste-pleinement-integree-aux-equipes-de-projet\\\/#breadcrumb\"},\"inLanguage\":\"fr-FR\",\"potentialAction\":[{\"@type\":\"ReadAction\",\"target\":[\"https:\\\/\\\/guidenaturesarlat.com\\\/index.php\\\/en-tant-quecologue\\\/une-expertise-naturaliste-pleinement-integree-aux-equipes-de-projet\\\/\"]}]},{\"@type\":\"BreadcrumbList\",\"@id\":\"https:\\\/\\\/guidenaturesarlat.com\\\/index.php\\\/en-tant-quecologue\\\/une-expertise-naturaliste-pleinement-integree-aux-equipes-de-projet\\\/#breadcrumb\",\"itemListElement\":[{\"@type\":\"ListItem\",\"position\":1,\"name\":\"Accueil\",\"item\":\"https:\\\/\\\/guidenaturesarlat.com\\\/\"},{\"@type\":\"ListItem\",\"position\":2,\"name\":\"En tant qu&rsquo;\u00e9cologue\",\"item\":\"https:\\\/\\\/guidenaturesarlat.com\\\/index.php\\\/en-tant-quecologue\\\/\"},{\"@type\":\"ListItem\",\"position\":3,\"name\":\"Une expertise naturaliste pleinement int\u00e9gr\u00e9e aux \u00e9quipes de projet\"}]},{\"@type\":\"WebSite\",\"@id\":\"https:\\\/\\\/guidenaturesarlat.com\\\/#website\",\"url\":\"https:\\\/\\\/guidenaturesarlat.com\\\/\",\"name\":\"BUREAU FAUNE FLORE 24\",\"description\":\"Bureau d&#039;\u00e9tudes en expertises des milieux naturels - Implant\u00e9 pr\u00e8s de Sarlat La Can\u00e9da - P\u00e9rigord Noir\",\"publisher\":{\"@id\":\"https:\\\/\\\/guidenaturesarlat.com\\\/#organization\"},\"potentialAction\":[{\"@type\":\"SearchAction\",\"target\":{\"@type\":\"EntryPoint\",\"urlTemplate\":\"https:\\\/\\\/guidenaturesarlat.com\\\/?s={search_term_string}\"},\"query-input\":{\"@type\":\"PropertyValueSpecification\",\"valueRequired\":true,\"valueName\":\"search_term_string\"}}],\"inLanguage\":\"fr-FR\"},{\"@type\":\"Organization\",\"@id\":\"https:\\\/\\\/guidenaturesarlat.com\\\/#organization\",\"name\":\"BUREAU FAUNE FLORE 24\",\"url\":\"https:\\\/\\\/guidenaturesarlat.com\\\/\",\"logo\":{\"@type\":\"ImageObject\",\"inLanguage\":\"fr-FR\",\"@id\":\"https:\\\/\\\/guidenaturesarlat.com\\\/#\\\/schema\\\/logo\\\/image\\\/\",\"url\":\"https:\\\/\\\/guidenaturesarlat.com\\\/wp-content\\\/uploads\\\/2026\\\/02\\\/cropped-Logo2026-4.jpg\",\"contentUrl\":\"https:\\\/\\\/guidenaturesarlat.com\\\/wp-content\\\/uploads\\\/2026\\\/02\\\/cropped-Logo2026-4.jpg\",\"width\":127,\"height\":200,\"caption\":\"BUREAU FAUNE FLORE 24\"},\"image\":{\"@id\":\"https:\\\/\\\/guidenaturesarlat.com\\\/#\\\/schema\\\/logo\\\/image\\\/\"},\"sameAs\":[\"https:\\\/\\\/www.facebook.com\\\/yannicklengletguidenaturaliste?locale=fr_FR\"]}]}<\/script>\n<!-- \/ Yoast SEO plugin. -->","yoast_head_json":{"title":"Une expertise naturaliste pleinement int\u00e9gr\u00e9e aux \u00e9quipes de projet - BUREAU FAUNE FLORE 24","robots":{"index":"index","follow":"follow","max-snippet":"max-snippet:-1","max-image-preview":"max-image-preview:large","max-video-preview":"max-video-preview:-1"},"canonical":"https:\/\/guidenaturesarlat.com\/index.php\/en-tant-quecologue\/une-expertise-naturaliste-pleinement-integree-aux-equipes-de-projet\/","og_locale":"fr_FR","og_type":"article","og_title":"Une expertise naturaliste pleinement int\u00e9gr\u00e9e aux \u00e9quipes de projet - BUREAU FAUNE FLORE 24","og_description":"Une expertise naturaliste pleinement int\u00e9gr\u00e9e aux \u00e9quipes de projet Dans le cadre des \u00e9tudes d&rsquo;impact et des \u00e9valuations environnementales, j&rsquo;interviens r\u00e9guli\u00e8rement au sein de groupements [...]","og_url":"https:\/\/guidenaturesarlat.com\/index.php\/en-tant-quecologue\/une-expertise-naturaliste-pleinement-integree-aux-equipes-de-projet\/","og_site_name":"BUREAU FAUNE FLORE 24","article_publisher":"https:\/\/www.facebook.com\/yannicklengletguidenaturaliste?locale=fr_FR","article_modified_time":"2026-02-20T16:19:34+00:00","twitter_card":"summary_large_image","twitter_misc":{"Dur\u00e9e de lecture estim\u00e9e":"1 minute"},"schema":{"@context":"https:\/\/schema.org","@graph":[{"@type":"WebPage","@id":"https:\/\/guidenaturesarlat.com\/index.php\/en-tant-quecologue\/une-expertise-naturaliste-pleinement-integree-aux-equipes-de-projet\/","url":"https:\/\/guidenaturesarlat.com\/index.php\/en-tant-quecologue\/une-expertise-naturaliste-pleinement-integree-aux-equipes-de-projet\/","name":"Une expertise naturaliste pleinement int\u00e9gr\u00e9e aux \u00e9quipes de projet - BUREAU FAUNE FLORE 24","isPartOf":{"@id":"https:\/\/guidenaturesarlat.com\/#website"},"datePublished":"2026-02-17T13:43:02+00:00","dateModified":"2026-02-20T16:19:34+00:00","breadcrumb":{"@id":"https:\/\/guidenaturesarlat.com\/index.php\/en-tant-quecologue\/une-expertise-naturaliste-pleinement-integree-aux-equipes-de-projet\/#breadcrumb"},"inLanguage":"fr-FR","potentialAction":[{"@type":"ReadAction","target":["https:\/\/guidenaturesarlat.com\/index.php\/en-tant-quecologue\/une-expertise-naturaliste-pleinement-integree-aux-equipes-de-projet\/"]}]},{"@type":"BreadcrumbList","@id":"https:\/\/guidenaturesarlat.com\/index.php\/en-tant-quecologue\/une-expertise-naturaliste-pleinement-integree-aux-equipes-de-projet\/#breadcrumb","itemListElement":[{"@type":"ListItem","position":1,"name":"Accueil","item":"https:\/\/guidenaturesarlat.com\/"},{"@type":"ListItem","position":2,"name":"En tant qu&rsquo;\u00e9cologue","item":"https:\/\/guidenaturesarlat.com\/index.php\/en-tant-quecologue\/"},{"@type":"ListItem","position":3,"name":"Une expertise naturaliste pleinement int\u00e9gr\u00e9e aux \u00e9quipes de projet"}]},{"@type":"WebSite","@id":"https:\/\/guidenaturesarlat.com\/#website","url":"https:\/\/guidenaturesarlat.com\/","name":"BUREAU FAUNE FLORE 24","description":"Bureau d&#039;\u00e9tudes en expertises des milieux naturels - Implant\u00e9 pr\u00e8s de Sarlat La Can\u00e9da - P\u00e9rigord Noir","publisher":{"@id":"https:\/\/guidenaturesarlat.com\/#organization"},"potentialAction":[{"@type":"SearchAction","target":{"@type":"EntryPoint","urlTemplate":"https:\/\/guidenaturesarlat.com\/?s={search_term_string}"},"query-input":{"@type":"PropertyValueSpecification","valueRequired":true,"valueName":"search_term_string"}}],"inLanguage":"fr-FR"},{"@type":"Organization","@id":"https:\/\/guidenaturesarlat.com\/#organization","name":"BUREAU FAUNE FLORE 24","url":"https:\/\/guidenaturesarlat.com\/","logo":{"@type":"ImageObject","inLanguage":"fr-FR","@id":"https:\/\/guidenaturesarlat.com\/#\/schema\/logo\/image\/","url":"https:\/\/guidenaturesarlat.com\/wp-content\/uploads\/2026\/02\/cropped-Logo2026-4.jpg","contentUrl":"https:\/\/guidenaturesarlat.com\/wp-content\/uploads\/2026\/02\/cropped-Logo2026-4.jpg","width":127,"height":200,"caption":"BUREAU FAUNE FLORE 24"},"image":{"@id":"https:\/\/guidenaturesarlat.com\/#\/schema\/logo\/image\/"},"sameAs":["https:\/\/www.facebook.com\/yannicklengletguidenaturaliste?locale=fr_FR"]}]}},"_links":{"self":[{"href":"https:\/\/guidenaturesarlat.com\/index.php\/wp-json\/wp\/v2\/pages\/267","targetHints":{"allow":["GET"]}}],"collection":[{"href":"https:\/\/guidenaturesarlat.com\/index.php\/wp-json\/wp\/v2\/pages"}],"about":[{"href":"https:\/\/guidenaturesarlat.com\/index.php\/wp-json\/wp\/v2\/types\/page"}],"author":[{"embeddable":true,"href":"https:\/\/guidenaturesarlat.com\/index.php\/wp-json\/wp\/v2\/users\/1"}],"replies":[{"embeddable":true,"href":"https:\/\/guidenaturesarlat.com\/index.php\/wp-json\/wp\/v2\/comments?post=267"}],"version-history":[{"count":3,"href":"https:\/\/guidenaturesarlat.com\/index.php\/wp-json\/wp\/v2\/pages\/267\/revisions"}],"predecessor-version":[{"id":271,"href":"https:\/\/guidenaturesarlat.com\/index.php\/wp-json\/wp\/v2\/pages\/267\/revisions\/271"}],"up":[{"embeddable":true,"href":"https:\/\/guidenaturesarlat.com\/index.php\/wp-json\/wp\/v2\/pages\/7"}],"wp:attachment":[{"href":"https:\/\/guidenaturesarlat.com\/index.php\/wp-json\/wp\/v2\/media?parent=267"}],"curies":[{"name":"wp","href":"https:\/\/api.w.org\/{rel}","templated":true}]}}