{"id":2,"date":"2024-03-21T14:26:52","date_gmt":"2024-03-21T13:26:52","guid":{"rendered":"http:\/\/guidenaturesarlat.com\/?page_id=2"},"modified":"2026-04-28T17:00:10","modified_gmt":"2026-04-28T15:00:10","slug":"page-d-exemple","status":"publish","type":"page","link":"https:\/\/guidenaturesarlat.com\/","title":{"rendered":"Accueil"},"content":{"rendered":"\n<h2>\n\t\t<a href=\"https:\/\/guidenaturesarlat.com\/index.php\/en-tant-quecologue\/\" title=\"P\u00f4le expertise\"  target=\"_blank\"  rel=\"noopener\">\n\t\t\tP\u00f4le expertise\t\t<\/a>\n\t<\/h2>\n<h2>\n\t\t<a href=\"https:\/\/guidenaturesarlat.com\/index.php\/en-tant-que-guide-naturaliste\/\" title=\"P\u00f4le guide\"  target=\"_blank\"  rel=\"noopener\">\n\t\t\tP\u00f4le guide\t\t<\/a>\n\t<\/h2>\n<h2>\n\t\t<a href=\"https:\/\/guidenaturesarlat.com\/index.php\/en-tant-que-formateur\/\" title=\"P\u00f4le formations\"  target=\"_blank\"  rel=\"noopener\">\n\t\t\tP\u00f4le formations\t\t<\/a>\n\t<\/h2>\n<figure itemscope itemtype=\"https:\/\/schema.org\/ImageObject\">\n\t\t\t\t<a href=\"https:\/\/guidenaturesarlat.com\/index.php\/en-tant-quecologue\/\"  target=\"_blank\" rel=\"noopener\"  itemprop=\"url\">\n\t\t\t\t<img decoding=\"async\" src=\"http:\/\/guidenaturesarlat.com\/wp-content\/uploads\/2026\/03\/visuel-expert.jpg\" alt=\"visuel expert\" title=\"visuel expert\" onerror=\"this.style.display='none'\" loading=\"lazy\" \/>\n\t\t\t\t<\/a>\n\t<\/figure>\n<figure itemscope itemtype=\"https:\/\/schema.org\/ImageObject\">\n\t\t\t\t<a href=\"https:\/\/guidenaturesarlat.com\/index.php\/en-tant-que-guide-naturaliste\/\"  target=\"_blank\" rel=\"noopener\"  itemprop=\"url\">\n\t\t\t\t<img loading=\"lazy\" decoding=\"async\" src=\"https:\/\/guidenaturesarlat.com\/wp-content\/uploads\/2026\/03\/visuel-guide.jpg\" alt=\"visuel guide\" height=\"788\" width=\"940\" title=\"visuel guide\" onerror=\"this.style.display='none'\" loading=\"lazy\" \/>\n\t\t\t\t<\/a>\n\t<\/figure>\n<figure itemscope itemtype=\"https:\/\/schema.org\/ImageObject\">\n\t\t\t\t<a href=\"https:\/\/guidenaturesarlat.com\/index.php\/en-tant-que-formateur\/\"  target=\"_blank\" rel=\"noopener\"  itemprop=\"url\">\n\t\t\t\t<img loading=\"lazy\" decoding=\"async\" src=\"https:\/\/guidenaturesarlat.com\/wp-content\/uploads\/2026\/03\/visuel-formations.jpg\" alt=\"visuel formations\" height=\"788\" width=\"940\" title=\"visuel formations\" onerror=\"this.style.display='none'\" loading=\"lazy\" \/>\n\t\t\t\t<\/a>\n\t<\/figure>\n\t<p>Il s&rsquo;agit de l&rsquo;activit\u00e9 principale de mon bureau d&rsquo;\u00e9tude.<\/p>\n<p>Dans ce cadre, je r\u00e9ponds aux demandes des collectivit\u00e9s et de porteurs de projets priv\u00e9s, qui dans le cadre de leur projet, doivent effectuer une \u00e9valuation de celui ci au regard de la biodiversit\u00e9 pr\u00e9sente dans son p\u00e9rim\u00e8tre.<\/p>\n<p>Cela m&rsquo;am\u00e8ne \u00e0 proc\u00e9der \u00e0 des investigations naturalistes, permettant de produire un diagnostic, et des pr\u00e9conisations ayant pour but de bien prendre en compte les enjeux portant sur la faune, la flore et les milieux naturels dont ils d\u00e9pendent.<\/p>\n<p>&nbsp;<\/p>\n\t<p>Avec parfois jusqu&rsquo;\u00e0 40 groupes accueillis par an, sur de multiples sites naturels du d\u00e9partement de la Dordogne, j&rsquo;ai une grande exp\u00e9rience de l&rsquo;animation de groupes sur les th\u00e8mes de la faune, de la flore, des milieux naturels et de leur pr\u00e9servation.<\/p>\n\t<p>J&rsquo;interviens depuis 2016 aupr\u00e8s du CNFPT, dans le cadre de formation ayant pour th\u00e9matique la biodiversit\u00e9, et cela aupr\u00e8s des agents et technicien des collectivit\u00e9s territoriales de la r\u00e9gion nouvelle aquitaine.<\/p>\n<p>Je propose aussi des Stages et des conf\u00e9rences, qui s&rsquo;accompagnent de sorties sur le terrain, un bon moyen de s&rsquo;initier ou se perfectionner dans la connaissance de la faune et de la flore.<\/p>\n<h2>\n\t\t\tRetrouvez moi sur les r\u00e9seaux sociaux !\t<\/h2>\n\t<p>&nbsp;<\/p>\n<img fetchpriority=\"high\" decoding=\"async\" src=\"http:\/\/guidenaturesarlat.com\/wp-content\/uploads\/2026\/02\/Logo2026-648x1024.jpg\" alt=\"\" width=\"239\" height=\"378\" \/>\n<p>&nbsp;<\/p>\n<p><strong>Yannick LENGLET &#8211; ECOLOGUE PROFESSIONNEL<\/strong><\/p>\n<p>BFF24\u00a0 :\u00a0 Bureau d&rsquo;\u00e9tude Faune &#8211; Flore Dordogne<\/p>\n<p><strong>Expertise, conseil<\/strong><\/p>\n<p><strong>Animations nature<\/strong><\/p>\n<p><strong>Formations naturalistes<\/strong><\/p>\n<p>Bureau d&rsquo;\u00e9tude cr\u00e9\u00e9 en 2008, implant\u00e9 \u00e0 Saint Genies (24590)<\/p>\n<p>Inscrit au RCS sous le num\u00e9ro de SIRET 50390697600025<\/p>\n\n\n\n","protected":false},"excerpt":{"rendered":"<p>P\u00f4le expertise P\u00f4le guide P\u00f4le formations Il s&rsquo;agit de l&rsquo;activit\u00e9 principale de mon bureau d&rsquo;\u00e9tude. Dans ce cadre, je r\u00e9ponds aux demandes des collectivit\u00e9s et [&#8230;]<\/p>\n","protected":false},"author":1,"featured_media":0,"parent":0,"menu_order":0,"comment_status":"closed","ping_status":"closed","template":"","meta":{"footnotes":""},"class_list":["post-2","page","type-page","status-publish","hentry"],"yoast_head":"<!-- This site is optimized with the Yoast SEO plugin v27.4 - https:\/\/yoast.com\/product\/yoast-seo-wordpress\/ -->\n<title>Accueil - BUREAU FAUNE FLORE 24<\/title>\n<meta name=\"robots\" content=\"index, follow, max-snippet:-1, max-image-preview:large, max-video-preview:-1\" \/>\n<link rel=\"canonical\" href=\"https:\/\/guidenaturesarlat.com\/\" \/>\n<meta property=\"og:locale\" content=\"fr_FR\" \/>\n<meta property=\"og:type\" content=\"article\" \/>\n<meta property=\"og:title\" content=\"Accueil - BUREAU FAUNE FLORE 24\" \/>\n<meta property=\"og:description\" content=\"P\u00f4le expertise P\u00f4le guide P\u00f4le formations Il s&rsquo;agit de l&rsquo;activit\u00e9 principale de mon bureau d&rsquo;\u00e9tude. Dans ce cadre, je r\u00e9ponds aux demandes des collectivit\u00e9s et [...]\" \/>\n<meta property=\"og:url\" content=\"https:\/\/guidenaturesarlat.com\/\" \/>\n<meta property=\"og:site_name\" content=\"BUREAU FAUNE FLORE 24\" \/>\n<meta property=\"article:publisher\" content=\"https:\/\/www.facebook.com\/yannicklengletguidenaturaliste?locale=fr_FR\" \/>\n<meta property=\"article:modified_time\" content=\"2026-04-28T15:00:10+00:00\" \/>\n<meta property=\"og:image\" content=\"http:\/\/guidenaturesarlat.com\/wp-content\/uploads\/2026\/03\/visuel-expert.jpg\" \/>\n<meta name=\"twitter:card\" content=\"summary_large_image\" \/>\n<meta name=\"twitter:label1\" content=\"Dur\u00e9e de lecture estim\u00e9e\" \/>\n\t<meta name=\"twitter:data1\" content=\"2 minutes\" \/>\n<script type=\"application\/ld+json\" class=\"yoast-schema-graph\">{\"@context\":\"https:\\\/\\\/schema.org\",\"@graph\":[{\"@type\":\"WebPage\",\"@id\":\"https:\\\/\\\/guidenaturesarlat.com\\\/\",\"url\":\"https:\\\/\\\/guidenaturesarlat.com\\\/\",\"name\":\"Accueil - BUREAU FAUNE FLORE 24\",\"isPartOf\":{\"@id\":\"https:\\\/\\\/guidenaturesarlat.com\\\/#website\"},\"primaryImageOfPage\":{\"@id\":\"https:\\\/\\\/guidenaturesarlat.com\\\/#primaryimage\"},\"image\":{\"@id\":\"https:\\\/\\\/guidenaturesarlat.com\\\/#primaryimage\"},\"thumbnailUrl\":\"http:\\\/\\\/guidenaturesarlat.com\\\/wp-content\\\/uploads\\\/2026\\\/03\\\/visuel-expert.jpg\",\"datePublished\":\"2024-03-21T13:26:52+00:00\",\"dateModified\":\"2026-04-28T15:00:10+00:00\",\"breadcrumb\":{\"@id\":\"https:\\\/\\\/guidenaturesarlat.com\\\/#breadcrumb\"},\"inLanguage\":\"fr-FR\",\"potentialAction\":[{\"@type\":\"ReadAction\",\"target\":[\"https:\\\/\\\/guidenaturesarlat.com\\\/\"]}]},{\"@type\":\"ImageObject\",\"inLanguage\":\"fr-FR\",\"@id\":\"https:\\\/\\\/guidenaturesarlat.com\\\/#primaryimage\",\"url\":\"http:\\\/\\\/guidenaturesarlat.com\\\/wp-content\\\/uploads\\\/2026\\\/03\\\/visuel-expert.jpg\",\"contentUrl\":\"http:\\\/\\\/guidenaturesarlat.com\\\/wp-content\\\/uploads\\\/2026\\\/03\\\/visuel-expert.jpg\"},{\"@type\":\"BreadcrumbList\",\"@id\":\"https:\\\/\\\/guidenaturesarlat.com\\\/#breadcrumb\",\"itemListElement\":[{\"@type\":\"ListItem\",\"position\":1,\"name\":\"Accueil\",\"item\":\"https:\\\/\\\/guidenaturesarlat.com\\\/\"},{\"@type\":\"ListItem\",\"position\":2,\"name\":\"Accueil\"}]},{\"@type\":\"WebSite\",\"@id\":\"https:\\\/\\\/guidenaturesarlat.com\\\/#website\",\"url\":\"https:\\\/\\\/guidenaturesarlat.com\\\/\",\"name\":\"BUREAU FAUNE FLORE 24\",\"description\":\"Bureau d&#039;\u00e9tudes en expertises des milieux naturels - Implant\u00e9 pr\u00e8s de Sarlat La Can\u00e9da - P\u00e9rigord Noir\",\"publisher\":{\"@id\":\"https:\\\/\\\/guidenaturesarlat.com\\\/#organization\"},\"potentialAction\":[{\"@type\":\"SearchAction\",\"target\":{\"@type\":\"EntryPoint\",\"urlTemplate\":\"https:\\\/\\\/guidenaturesarlat.com\\\/?s={search_term_string}\"},\"query-input\":{\"@type\":\"PropertyValueSpecification\",\"valueRequired\":true,\"valueName\":\"search_term_string\"}}],\"inLanguage\":\"fr-FR\"},{\"@type\":\"Organization\",\"@id\":\"https:\\\/\\\/guidenaturesarlat.com\\\/#organization\",\"name\":\"BUREAU FAUNE FLORE 24\",\"url\":\"https:\\\/\\\/guidenaturesarlat.com\\\/\",\"logo\":{\"@type\":\"ImageObject\",\"inLanguage\":\"fr-FR\",\"@id\":\"https:\\\/\\\/guidenaturesarlat.com\\\/#\\\/schema\\\/logo\\\/image\\\/\",\"url\":\"https:\\\/\\\/guidenaturesarlat.com\\\/wp-content\\\/uploads\\\/2026\\\/02\\\/cropped-Logo2026-4.jpg\",\"contentUrl\":\"https:\\\/\\\/guidenaturesarlat.com\\\/wp-content\\\/uploads\\\/2026\\\/02\\\/cropped-Logo2026-4.jpg\",\"width\":127,\"height\":200,\"caption\":\"BUREAU FAUNE FLORE 24\"},\"image\":{\"@id\":\"https:\\\/\\\/guidenaturesarlat.com\\\/#\\\/schema\\\/logo\\\/image\\\/\"},\"sameAs\":[\"https:\\\/\\\/www.facebook.com\\\/yannicklengletguidenaturaliste?locale=fr_FR\"]}]}<\/script>\n<!-- \/ Yoast SEO plugin. -->","yoast_head_json":{"title":"Accueil - BUREAU FAUNE FLORE 24","robots":{"index":"index","follow":"follow","max-snippet":"max-snippet:-1","max-image-preview":"max-image-preview:large","max-video-preview":"max-video-preview:-1"},"canonical":"https:\/\/guidenaturesarlat.com\/","og_locale":"fr_FR","og_type":"article","og_title":"Accueil - BUREAU FAUNE FLORE 24","og_description":"P\u00f4le expertise P\u00f4le guide P\u00f4le formations Il s&rsquo;agit de l&rsquo;activit\u00e9 principale de mon bureau d&rsquo;\u00e9tude. Dans ce cadre, je r\u00e9ponds aux demandes des collectivit\u00e9s et [...]","og_url":"https:\/\/guidenaturesarlat.com\/","og_site_name":"BUREAU FAUNE FLORE 24","article_publisher":"https:\/\/www.facebook.com\/yannicklengletguidenaturaliste?locale=fr_FR","article_modified_time":"2026-04-28T15:00:10+00:00","og_image":[{"url":"http:\/\/guidenaturesarlat.com\/wp-content\/uploads\/2026\/03\/visuel-expert.jpg","type":"","width":"","height":""}],"twitter_card":"summary_large_image","twitter_misc":{"Dur\u00e9e de lecture estim\u00e9e":"2 minutes"},"schema":{"@context":"https:\/\/schema.org","@graph":[{"@type":"WebPage","@id":"https:\/\/guidenaturesarlat.com\/","url":"https:\/\/guidenaturesarlat.com\/","name":"Accueil - BUREAU FAUNE FLORE 24","isPartOf":{"@id":"https:\/\/guidenaturesarlat.com\/#website"},"primaryImageOfPage":{"@id":"https:\/\/guidenaturesarlat.com\/#primaryimage"},"image":{"@id":"https:\/\/guidenaturesarlat.com\/#primaryimage"},"thumbnailUrl":"http:\/\/guidenaturesarlat.com\/wp-content\/uploads\/2026\/03\/visuel-expert.jpg","datePublished":"2024-03-21T13:26:52+00:00","dateModified":"2026-04-28T15:00:10+00:00","breadcrumb":{"@id":"https:\/\/guidenaturesarlat.com\/#breadcrumb"},"inLanguage":"fr-FR","potentialAction":[{"@type":"ReadAction","target":["https:\/\/guidenaturesarlat.com\/"]}]},{"@type":"ImageObject","inLanguage":"fr-FR","@id":"https:\/\/guidenaturesarlat.com\/#primaryimage","url":"http:\/\/guidenaturesarlat.com\/wp-content\/uploads\/2026\/03\/visuel-expert.jpg","contentUrl":"http:\/\/guidenaturesarlat.com\/wp-content\/uploads\/2026\/03\/visuel-expert.jpg"},{"@type":"BreadcrumbList","@id":"https:\/\/guidenaturesarlat.com\/#breadcrumb","itemListElement":[{"@type":"ListItem","position":1,"name":"Accueil","item":"https:\/\/guidenaturesarlat.com\/"},{"@type":"ListItem","position":2,"name":"Accueil"}]},{"@type":"WebSite","@id":"https:\/\/guidenaturesarlat.com\/#website","url":"https:\/\/guidenaturesarlat.com\/","name":"BUREAU FAUNE FLORE 24","description":"Bureau d&#039;\u00e9tudes en expertises des milieux naturels - Implant\u00e9 pr\u00e8s de Sarlat La Can\u00e9da - P\u00e9rigord Noir","publisher":{"@id":"https:\/\/guidenaturesarlat.com\/#organization"},"potentialAction":[{"@type":"SearchAction","target":{"@type":"EntryPoint","urlTemplate":"https:\/\/guidenaturesarlat.com\/?s={search_term_string}"},"query-input":{"@type":"PropertyValueSpecification","valueRequired":true,"valueName":"search_term_string"}}],"inLanguage":"fr-FR"},{"@type":"Organization","@id":"https:\/\/guidenaturesarlat.com\/#organization","name":"BUREAU FAUNE FLORE 24","url":"https:\/\/guidenaturesarlat.com\/","logo":{"@type":"ImageObject","inLanguage":"fr-FR","@id":"https:\/\/guidenaturesarlat.com\/#\/schema\/logo\/image\/","url":"https:\/\/guidenaturesarlat.com\/wp-content\/uploads\/2026\/02\/cropped-Logo2026-4.jpg","contentUrl":"https:\/\/guidenaturesarlat.com\/wp-content\/uploads\/2026\/02\/cropped-Logo2026-4.jpg","width":127,"height":200,"caption":"BUREAU FAUNE FLORE 24"},"image":{"@id":"https:\/\/guidenaturesarlat.com\/#\/schema\/logo\/image\/"},"sameAs":["https:\/\/www.facebook.com\/yannicklengletguidenaturaliste?locale=fr_FR"]}]}},"_links":{"self":[{"href":"https:\/\/guidenaturesarlat.com\/index.php\/wp-json\/wp\/v2\/pages\/2","targetHints":{"allow":["GET"]}}],"collection":[{"href":"https:\/\/guidenaturesarlat.com\/index.php\/wp-json\/wp\/v2\/pages"}],"about":[{"href":"https:\/\/guidenaturesarlat.com\/index.php\/wp-json\/wp\/v2\/types\/page"}],"author":[{"embeddable":true,"href":"https:\/\/guidenaturesarlat.com\/index.php\/wp-json\/wp\/v2\/users\/1"}],"replies":[{"embeddable":true,"href":"https:\/\/guidenaturesarlat.com\/index.php\/wp-json\/wp\/v2\/comments?post=2"}],"version-history":[{"count":12,"href":"https:\/\/guidenaturesarlat.com\/index.php\/wp-json\/wp\/v2\/pages\/2\/revisions"}],"predecessor-version":[{"id":447,"href":"https:\/\/guidenaturesarlat.com\/index.php\/wp-json\/wp\/v2\/pages\/2\/revisions\/447"}],"wp:attachment":[{"href":"https:\/\/guidenaturesarlat.com\/index.php\/wp-json\/wp\/v2\/media?parent=2"}],"curies":[{"name":"wp","href":"https:\/\/api.w.org\/{rel}","templated":true}]}}