{"id":188,"date":"2025-01-22T17:13:06","date_gmt":"2025-01-22T16:13:06","guid":{"rendered":"https:\/\/guidenaturesarlat.com\/?page_id=188"},"modified":"2026-04-23T17:21:38","modified_gmt":"2026-04-23T15:21:38","slug":"programme-des-sorties-de-decouverte-de-la-nature","status":"publish","type":"page","link":"https:\/\/guidenaturesarlat.com\/index.php\/en-tant-que-guide-naturaliste\/programme-des-sorties-de-decouverte-de-la-nature\/","title":{"rendered":"Programme des sorties de d\u00e9couverte de la nature"},"content":{"rendered":"\n\n\t<h2>Printemps 2026<\/h2>\n\t<p>Ici vous trouverez le programme des sorties pour les mois d&rsquo;avril &#8211; Mai 2026 !<\/p>\n<p>Cette ann\u00e9e, je mets en place une billetterie en ligne avec Weezevent.<\/p>\n<h2>\n\t\t\tD\u00e9couverte de la faune et de la flore de la Vall\u00e9e de V\u00e9z\u00e8re\t<\/h2>\n<figure itemscope itemtype=\"https:\/\/schema.org\/ImageObject\">\n\t\t\t\t<img decoding=\"async\" src=\"http:\/\/guidenaturesarlat.com\/wp-content\/uploads\/2026\/03\/100087050_728908307919433_6581813123697606656_n.jpg\" alt=\"100087050_728908307919433_6581813123697606656_n\" title=\"100087050_728908307919433_6581813123697606656_n\" onerror=\"this.style.display='none'\" loading=\"lazy\" \/>\n\t<\/figure>\n\t<p>Je vous invite \u00e0 me suivre pour une belle matin\u00e9e \u00e0 la rencontre de la biodiversit\u00e9 de la V\u00e9z\u00e8re, class\u00e9e Natura 2000, au patrimoine mondial de l&rsquo;UNESCO et grand Site de France. Au programme de la visite :<\/p>\n<p>Balade d&rsquo;environ 3 kms, d\u00e9couverte de la nature au bord du chemin (Orchid\u00e9es, Insectes, Reptiles&#8230;).<\/p>\n<p>Fin de matin\u00e9e en point d&rsquo;observation au bas de la falaise de la Roque Saint Christophe \u00e0 la rencontre du faucon P\u00e8lerin<\/p>\n\t<h1>Calendrier des Sorties \u00ab\u00a0Vall\u00e9e V\u00e9z\u00e8re\u00a0\u00bb<\/h1>\n\t<p>Cliquez sur la date de votre choix pour acc\u00e9der \u00e0 ma E-billeterie Weezevent\/<\/p>\n\t\t\t<a href=\"https:\/\/my.weezevent.com\/balade-naturaliste-vallee-de-la-vezere\"  target=\"_self\">\n\t\t\t\t\t\t\tSamedi 2 Mai &#8211; 9H30\n\t\t\t\t\t<\/a>\n\t\t\t<a href=\"https:\/\/my.weezevent.com\/balade-naturaliste-vallee-de-la-vezere-1\"  target=\"_self\">\n\t\t\t\t\t\t\tVendredi 15 Mai &#8211; 9H\n\t\t\t\t\t<\/a>\n\t\t\t<a href=\"https:\/\/my.weezevent.com\/balade-naturaliste-vallee-de-la-vezere-5\"  target=\"_self\">\n\t\t\t\t\t\t\tSamedi 23 Mai &#8211; 9H30\n\t\t\t\t\t<\/a>\n<h2>\n\t\t\tCausses P\u00e9rigourdins d&rsquo;Eyvigues\t<\/h2>\n<figure itemscope itemtype=\"https:\/\/schema.org\/ImageObject\">\n\t\t\t\t<img decoding=\"async\" src=\"http:\/\/guidenaturesarlat.com\/wp-content\/uploads\/2026\/03\/485770606_1092448512686624_1081786255095528676_n.jpg\" alt=\"485770606_1092448512686624_1081786255095528676_n\" title=\"485770606_1092448512686624_1081786255095528676_n\" onerror=\"this.style.display='none'\" loading=\"lazy\" \/>\n\t<\/figure>\n\t<p>Rendez vous dans un vallon \u00e0 l&rsquo;\u00e9cart des grands sites, dans une zone tr\u00e8s pr\u00e9serv\u00e9e renfermant au total 20 esp\u00e8ces d&rsquo;orchid\u00e9es sauvages.<\/p>\n\t<h1>Calendrier des Sorties \u00ab\u00a0Eyvigues\u00a0\u00bb<\/h1>\n\t<p>Cliquez sur la date de votre choix pour acc\u00e9der \u00e0 ma E-billeterie Weezevent\/<\/p>\n\t\t\t<a href=\"https:\/\/my.weezevent.com\/decouverte-de-la-faune-et-de-la-flore-des-causses-de-eyvigues-1\"  target=\"_blank\" rel=\"noopener\"    rel=\"noopener\">\n\t\t\t\t\t\t\tLundi 27 Avril &#8211; 9H30\n\t\t\t\t\t<\/a>\n\t\t\t<a href=\"https:\/\/my.weezevent.com\/decouverte-de-la-faune-et-de-la-flore-des-causses-de-eyvigues-4\"  target=\"_blank\" rel=\"noopener\"    rel=\"noopener\">\n\t\t\t\t\t\t\tVendredi 8 Mai &#8211; 9H30\n\t\t\t\t\t<\/a>\n\t\t\t<a href=\"https:\/\/my.weezevent.com\/decouverte-de-la-faune-et-de-la-flore-des-causses-de-eyvigues-2\"  target=\"_blank\" rel=\"noopener\"    rel=\"noopener\">\n\t\t\t\t\t\t\tJeudi 14 Mai &#8211; 9H\n\t\t\t\t\t<\/a>\n\t\t\t<a href=\"https:\/\/my.weezevent.com\/decouverte-de-la-faune-et-de-la-flore-des-causses-de-eyvigues-3\"  target=\"_blank\" rel=\"noopener\"    rel=\"noopener\">\n\t\t\t\t\t\t\tJeudi 21 Mai &#8211; 9H\n\t\t\t\t\t<\/a>\n<h2>\n\t\t\tLa Vall\u00e9e des Beunes, o\u00f9 le paradis des naturalistes\t<\/h2>\n<figure itemscope itemtype=\"https:\/\/schema.org\/ImageObject\">\n\t\t\t\t<img decoding=\"async\" src=\"http:\/\/guidenaturesarlat.com\/wp-content\/uploads\/2026\/03\/ruisseau1-scaled.jpg\" alt=\"ruisseau1\" title=\"ruisseau1\" onerror=\"this.style.display='none'\" loading=\"lazy\" \/>\n\t<\/figure>\n\n\t<p>Class\u00e9e Natura 2000, cette petite vall\u00e9e comprise entre la V\u00e9z\u00e8re et la Dordogne regorge de lieux \u00e0 d\u00e9couvrir. Je vous emm\u00e8ne dans une v\u00e9ritable petite amazonie, o\u00f9 les falaises se jettent litt\u00e9rallement dans une zone de mar\u00e9cage riche en oiseaux, libellules, et bien d&rsquo;autres surprises.<\/p>\n<p>De nombreux passages \u00e0 gu\u00e9s lors de cette balade n\u00e9cessite une bonne condition physique et de bonnes chaussures. D\u00e9couvrir la Beune se m\u00e9rite !!!<\/p>\n\t<h1>Calendrier des Sorties \u00ab\u00a0Vall\u00e9e des Beunes\u00a0\u00bb<\/h1>\n\t<p>Cliquez sur la date de votre choix pour acc\u00e9der \u00e0 ma E-billeterie Weezevent\/<\/p>\n\t\t\t<a href=\"https:\/\/my.weezevent.com\/au-coeur-de-la-biodiversite-perigourdine-en-vallee-des-beunes-4\"  target=\"_blank\" rel=\"noopener\"    rel=\"noopener\">\n\t\t\t\t\t\t\tMardi 28 Avril &#8211; 9H30\n\t\t\t\t\t<\/a>\n\t\t\t<a href=\"https:\/\/my.weezevent.com\/au-coeur-de-la-biodiversite-perigourdine-en-vallee-des-beunes-3\"  target=\"_blank\" rel=\"noopener\"    rel=\"noopener\">\n\t\t\t\t\t\t\tMercredi 6 Mai &#8211; 9H30\n\t\t\t\t\t<\/a>\n\t\t\t<a href=\"https:\/\/my.weezevent.com\/au-coeur-de-la-biodiversite-perigourdine-en-vallee-des-beunes-2\"  target=\"_blank\" rel=\"noopener\"    rel=\"noopener\">\n\t\t\t\t\t\t\tSamedi 9 Mai &#8211; 9H30\n\t\t\t\t\t<\/a>\n\t\t\t<a href=\"https:\/\/my.weezevent.com\/au-coeur-de-la-biodiversite-perigourdine-en-vallee-des-beunes-6\"  target=\"_blank\" rel=\"noopener\"    rel=\"noopener\">\n\t\t\t\t\t\t\tSamedi 16 Mai &#8211; 9H\n\t\t\t\t\t<\/a>\n\t\t\t<a href=\"https:\/\/my.weezevent.com\/au-coeur-de-la-biodiversite-perigourdine-en-vallee-des-beunes-1\"  target=\"_blank\" rel=\"noopener\"    rel=\"noopener\">\n\t\t\t\t\t\t\tVendredi 22 Mai &#8211; 9H\n\t\t\t\t\t<\/a>\n<figure itemscope itemtype=\"https:\/\/schema.org\/ImageObject\">\n\t\t\t\t<img decoding=\"async\" src=\"http:\/\/guidenaturesarlat.com\/wp-content\/uploads\/2026\/03\/109912849_767478810729049_186335293812175749_n.jpg\" alt=\"109912849_767478810729049_186335293812175749_n\" title=\"109912849_767478810729049_186335293812175749_n\" onerror=\"this.style.display='none'\" loading=\"lazy\" \/>\n\t<\/figure>\n\n","protected":false},"excerpt":{"rendered":"<p>Printemps 2026 Ici vous trouverez le programme des sorties pour les mois d&rsquo;avril &#8211; Mai 2026 ! Cette ann\u00e9e, je mets en place une billetterie [&#8230;]<\/p>\n","protected":false},"author":1,"featured_media":0,"parent":8,"menu_order":0,"comment_status":"closed","ping_status":"closed","template":"","meta":{"footnotes":""},"class_list":["post-188","page","type-page","status-publish","hentry"],"yoast_head":"<!-- This site is optimized with the Yoast SEO plugin v27.4 - https:\/\/yoast.com\/product\/yoast-seo-wordpress\/ -->\n<title>Activit\u00e9 nature famille Dordogne: Balade et observations - BUREAU FAUNE FLORE 24<\/title>\n<meta name=\"description\" content=\"Inscrivez-vous pour une activit\u00e9 nature famille en Dordogne. Profitez d&#039;une matin\u00e9e d\u00e9di\u00e9e \u00e0 la d\u00e9couverte de la flore et faune.\" \/>\n<meta name=\"robots\" content=\"index, follow, max-snippet:-1, max-image-preview:large, max-video-preview:-1\" \/>\n<link rel=\"canonical\" href=\"https:\/\/guidenaturesarlat.com\/index.php\/en-tant-que-guide-naturaliste\/programme-des-sorties-de-decouverte-de-la-nature\/\" \/>\n<meta property=\"og:locale\" content=\"fr_FR\" \/>\n<meta property=\"og:type\" content=\"article\" \/>\n<meta property=\"og:title\" content=\"Activit\u00e9 nature famille Dordogne: Balade et observations - BUREAU FAUNE FLORE 24\" \/>\n<meta property=\"og:description\" content=\"Inscrivez-vous pour une activit\u00e9 nature famille en Dordogne. Profitez d&#039;une matin\u00e9e d\u00e9di\u00e9e \u00e0 la d\u00e9couverte de la flore et faune.\" \/>\n<meta property=\"og:url\" content=\"https:\/\/guidenaturesarlat.com\/index.php\/en-tant-que-guide-naturaliste\/programme-des-sorties-de-decouverte-de-la-nature\/\" \/>\n<meta property=\"og:site_name\" content=\"BUREAU FAUNE FLORE 24\" \/>\n<meta property=\"article:publisher\" content=\"https:\/\/www.facebook.com\/yannicklengletguidenaturaliste?locale=fr_FR\" \/>\n<meta property=\"article:modified_time\" content=\"2026-04-23T15:21:38+00:00\" \/>\n<meta property=\"og:image\" content=\"http:\/\/guidenaturesarlat.com\/wp-content\/uploads\/2026\/03\/100087050_728908307919433_6581813123697606656_n.jpg\" \/>\n<meta name=\"twitter:card\" content=\"summary_large_image\" \/>\n<meta name=\"twitter:label1\" content=\"Dur\u00e9e de lecture estim\u00e9e\" \/>\n\t<meta name=\"twitter:data1\" content=\"3 minutes\" \/>\n<script type=\"application\/ld+json\" class=\"yoast-schema-graph\">{\"@context\":\"https:\\\/\\\/schema.org\",\"@graph\":[{\"@type\":\"WebPage\",\"@id\":\"https:\\\/\\\/guidenaturesarlat.com\\\/index.php\\\/en-tant-que-guide-naturaliste\\\/programme-des-sorties-de-decouverte-de-la-nature\\\/\",\"url\":\"https:\\\/\\\/guidenaturesarlat.com\\\/index.php\\\/en-tant-que-guide-naturaliste\\\/programme-des-sorties-de-decouverte-de-la-nature\\\/\",\"name\":\"Activit\u00e9 nature famille Dordogne: Balade et observations - BUREAU FAUNE FLORE 24\",\"isPartOf\":{\"@id\":\"https:\\\/\\\/guidenaturesarlat.com\\\/#website\"},\"primaryImageOfPage\":{\"@id\":\"https:\\\/\\\/guidenaturesarlat.com\\\/index.php\\\/en-tant-que-guide-naturaliste\\\/programme-des-sorties-de-decouverte-de-la-nature\\\/#primaryimage\"},\"image\":{\"@id\":\"https:\\\/\\\/guidenaturesarlat.com\\\/index.php\\\/en-tant-que-guide-naturaliste\\\/programme-des-sorties-de-decouverte-de-la-nature\\\/#primaryimage\"},\"thumbnailUrl\":\"http:\\\/\\\/guidenaturesarlat.com\\\/wp-content\\\/uploads\\\/2026\\\/03\\\/100087050_728908307919433_6581813123697606656_n.jpg\",\"datePublished\":\"2025-01-22T16:13:06+00:00\",\"dateModified\":\"2026-04-23T15:21:38+00:00\",\"description\":\"Inscrivez-vous pour une activit\u00e9 nature famille en Dordogne. Profitez d'une matin\u00e9e d\u00e9di\u00e9e \u00e0 la d\u00e9couverte de la flore et faune.\",\"breadcrumb\":{\"@id\":\"https:\\\/\\\/guidenaturesarlat.com\\\/index.php\\\/en-tant-que-guide-naturaliste\\\/programme-des-sorties-de-decouverte-de-la-nature\\\/#breadcrumb\"},\"inLanguage\":\"fr-FR\",\"potentialAction\":[{\"@type\":\"ReadAction\",\"target\":[\"https:\\\/\\\/guidenaturesarlat.com\\\/index.php\\\/en-tant-que-guide-naturaliste\\\/programme-des-sorties-de-decouverte-de-la-nature\\\/\"]}]},{\"@type\":\"ImageObject\",\"inLanguage\":\"fr-FR\",\"@id\":\"https:\\\/\\\/guidenaturesarlat.com\\\/index.php\\\/en-tant-que-guide-naturaliste\\\/programme-des-sorties-de-decouverte-de-la-nature\\\/#primaryimage\",\"url\":\"http:\\\/\\\/guidenaturesarlat.com\\\/wp-content\\\/uploads\\\/2026\\\/03\\\/100087050_728908307919433_6581813123697606656_n.jpg\",\"contentUrl\":\"http:\\\/\\\/guidenaturesarlat.com\\\/wp-content\\\/uploads\\\/2026\\\/03\\\/100087050_728908307919433_6581813123697606656_n.jpg\"},{\"@type\":\"BreadcrumbList\",\"@id\":\"https:\\\/\\\/guidenaturesarlat.com\\\/index.php\\\/en-tant-que-guide-naturaliste\\\/programme-des-sorties-de-decouverte-de-la-nature\\\/#breadcrumb\",\"itemListElement\":[{\"@type\":\"ListItem\",\"position\":1,\"name\":\"Accueil\",\"item\":\"https:\\\/\\\/guidenaturesarlat.com\\\/\"},{\"@type\":\"ListItem\",\"position\":2,\"name\":\"En tant que Guide Naturaliste\",\"item\":\"https:\\\/\\\/guidenaturesarlat.com\\\/index.php\\\/en-tant-que-guide-naturaliste\\\/\"},{\"@type\":\"ListItem\",\"position\":3,\"name\":\"Programme des sorties de d\u00e9couverte de la nature\"}]},{\"@type\":\"WebSite\",\"@id\":\"https:\\\/\\\/guidenaturesarlat.com\\\/#website\",\"url\":\"https:\\\/\\\/guidenaturesarlat.com\\\/\",\"name\":\"BUREAU FAUNE FLORE 24\",\"description\":\"Bureau d&#039;\u00e9tudes en expertises des milieux naturels - Implant\u00e9 pr\u00e8s de Sarlat La Can\u00e9da - P\u00e9rigord Noir\",\"publisher\":{\"@id\":\"https:\\\/\\\/guidenaturesarlat.com\\\/#organization\"},\"potentialAction\":[{\"@type\":\"SearchAction\",\"target\":{\"@type\":\"EntryPoint\",\"urlTemplate\":\"https:\\\/\\\/guidenaturesarlat.com\\\/?s={search_term_string}\"},\"query-input\":{\"@type\":\"PropertyValueSpecification\",\"valueRequired\":true,\"valueName\":\"search_term_string\"}}],\"inLanguage\":\"fr-FR\"},{\"@type\":\"Organization\",\"@id\":\"https:\\\/\\\/guidenaturesarlat.com\\\/#organization\",\"name\":\"BUREAU FAUNE FLORE 24\",\"url\":\"https:\\\/\\\/guidenaturesarlat.com\\\/\",\"logo\":{\"@type\":\"ImageObject\",\"inLanguage\":\"fr-FR\",\"@id\":\"https:\\\/\\\/guidenaturesarlat.com\\\/#\\\/schema\\\/logo\\\/image\\\/\",\"url\":\"https:\\\/\\\/guidenaturesarlat.com\\\/wp-content\\\/uploads\\\/2026\\\/02\\\/cropped-Logo2026-4.jpg\",\"contentUrl\":\"https:\\\/\\\/guidenaturesarlat.com\\\/wp-content\\\/uploads\\\/2026\\\/02\\\/cropped-Logo2026-4.jpg\",\"width\":127,\"height\":200,\"caption\":\"BUREAU FAUNE FLORE 24\"},\"image\":{\"@id\":\"https:\\\/\\\/guidenaturesarlat.com\\\/#\\\/schema\\\/logo\\\/image\\\/\"},\"sameAs\":[\"https:\\\/\\\/www.facebook.com\\\/yannicklengletguidenaturaliste?locale=fr_FR\"]}]}<\/script>\n<!-- \/ Yoast SEO plugin. -->","yoast_head_json":{"title":"Activit\u00e9 nature famille Dordogne: Balade et observations - BUREAU FAUNE FLORE 24","description":"Inscrivez-vous pour une activit\u00e9 nature famille en Dordogne. Profitez d'une matin\u00e9e d\u00e9di\u00e9e \u00e0 la d\u00e9couverte de la flore et faune.","robots":{"index":"index","follow":"follow","max-snippet":"max-snippet:-1","max-image-preview":"max-image-preview:large","max-video-preview":"max-video-preview:-1"},"canonical":"https:\/\/guidenaturesarlat.com\/index.php\/en-tant-que-guide-naturaliste\/programme-des-sorties-de-decouverte-de-la-nature\/","og_locale":"fr_FR","og_type":"article","og_title":"Activit\u00e9 nature famille Dordogne: Balade et observations - BUREAU FAUNE FLORE 24","og_description":"Inscrivez-vous pour une activit\u00e9 nature famille en Dordogne. Profitez d'une matin\u00e9e d\u00e9di\u00e9e \u00e0 la d\u00e9couverte de la flore et faune.","og_url":"https:\/\/guidenaturesarlat.com\/index.php\/en-tant-que-guide-naturaliste\/programme-des-sorties-de-decouverte-de-la-nature\/","og_site_name":"BUREAU FAUNE FLORE 24","article_publisher":"https:\/\/www.facebook.com\/yannicklengletguidenaturaliste?locale=fr_FR","article_modified_time":"2026-04-23T15:21:38+00:00","og_image":[{"url":"http:\/\/guidenaturesarlat.com\/wp-content\/uploads\/2026\/03\/100087050_728908307919433_6581813123697606656_n.jpg","type":"","width":"","height":""}],"twitter_card":"summary_large_image","twitter_misc":{"Dur\u00e9e de lecture estim\u00e9e":"3 minutes"},"schema":{"@context":"https:\/\/schema.org","@graph":[{"@type":"WebPage","@id":"https:\/\/guidenaturesarlat.com\/index.php\/en-tant-que-guide-naturaliste\/programme-des-sorties-de-decouverte-de-la-nature\/","url":"https:\/\/guidenaturesarlat.com\/index.php\/en-tant-que-guide-naturaliste\/programme-des-sorties-de-decouverte-de-la-nature\/","name":"Activit\u00e9 nature famille Dordogne: Balade et observations - BUREAU FAUNE FLORE 24","isPartOf":{"@id":"https:\/\/guidenaturesarlat.com\/#website"},"primaryImageOfPage":{"@id":"https:\/\/guidenaturesarlat.com\/index.php\/en-tant-que-guide-naturaliste\/programme-des-sorties-de-decouverte-de-la-nature\/#primaryimage"},"image":{"@id":"https:\/\/guidenaturesarlat.com\/index.php\/en-tant-que-guide-naturaliste\/programme-des-sorties-de-decouverte-de-la-nature\/#primaryimage"},"thumbnailUrl":"http:\/\/guidenaturesarlat.com\/wp-content\/uploads\/2026\/03\/100087050_728908307919433_6581813123697606656_n.jpg","datePublished":"2025-01-22T16:13:06+00:00","dateModified":"2026-04-23T15:21:38+00:00","description":"Inscrivez-vous pour une activit\u00e9 nature famille en Dordogne. Profitez d'une matin\u00e9e d\u00e9di\u00e9e \u00e0 la d\u00e9couverte de la flore et faune.","breadcrumb":{"@id":"https:\/\/guidenaturesarlat.com\/index.php\/en-tant-que-guide-naturaliste\/programme-des-sorties-de-decouverte-de-la-nature\/#breadcrumb"},"inLanguage":"fr-FR","potentialAction":[{"@type":"ReadAction","target":["https:\/\/guidenaturesarlat.com\/index.php\/en-tant-que-guide-naturaliste\/programme-des-sorties-de-decouverte-de-la-nature\/"]}]},{"@type":"ImageObject","inLanguage":"fr-FR","@id":"https:\/\/guidenaturesarlat.com\/index.php\/en-tant-que-guide-naturaliste\/programme-des-sorties-de-decouverte-de-la-nature\/#primaryimage","url":"http:\/\/guidenaturesarlat.com\/wp-content\/uploads\/2026\/03\/100087050_728908307919433_6581813123697606656_n.jpg","contentUrl":"http:\/\/guidenaturesarlat.com\/wp-content\/uploads\/2026\/03\/100087050_728908307919433_6581813123697606656_n.jpg"},{"@type":"BreadcrumbList","@id":"https:\/\/guidenaturesarlat.com\/index.php\/en-tant-que-guide-naturaliste\/programme-des-sorties-de-decouverte-de-la-nature\/#breadcrumb","itemListElement":[{"@type":"ListItem","position":1,"name":"Accueil","item":"https:\/\/guidenaturesarlat.com\/"},{"@type":"ListItem","position":2,"name":"En tant que Guide Naturaliste","item":"https:\/\/guidenaturesarlat.com\/index.php\/en-tant-que-guide-naturaliste\/"},{"@type":"ListItem","position":3,"name":"Programme des sorties de d\u00e9couverte de la nature"}]},{"@type":"WebSite","@id":"https:\/\/guidenaturesarlat.com\/#website","url":"https:\/\/guidenaturesarlat.com\/","name":"BUREAU FAUNE FLORE 24","description":"Bureau d&#039;\u00e9tudes en expertises des milieux naturels - Implant\u00e9 pr\u00e8s de Sarlat La Can\u00e9da - P\u00e9rigord Noir","publisher":{"@id":"https:\/\/guidenaturesarlat.com\/#organization"},"potentialAction":[{"@type":"SearchAction","target":{"@type":"EntryPoint","urlTemplate":"https:\/\/guidenaturesarlat.com\/?s={search_term_string}"},"query-input":{"@type":"PropertyValueSpecification","valueRequired":true,"valueName":"search_term_string"}}],"inLanguage":"fr-FR"},{"@type":"Organization","@id":"https:\/\/guidenaturesarlat.com\/#organization","name":"BUREAU FAUNE FLORE 24","url":"https:\/\/guidenaturesarlat.com\/","logo":{"@type":"ImageObject","inLanguage":"fr-FR","@id":"https:\/\/guidenaturesarlat.com\/#\/schema\/logo\/image\/","url":"https:\/\/guidenaturesarlat.com\/wp-content\/uploads\/2026\/02\/cropped-Logo2026-4.jpg","contentUrl":"https:\/\/guidenaturesarlat.com\/wp-content\/uploads\/2026\/02\/cropped-Logo2026-4.jpg","width":127,"height":200,"caption":"BUREAU FAUNE FLORE 24"},"image":{"@id":"https:\/\/guidenaturesarlat.com\/#\/schema\/logo\/image\/"},"sameAs":["https:\/\/www.facebook.com\/yannicklengletguidenaturaliste?locale=fr_FR"]}]}},"_links":{"self":[{"href":"https:\/\/guidenaturesarlat.com\/index.php\/wp-json\/wp\/v2\/pages\/188","targetHints":{"allow":["GET"]}}],"collection":[{"href":"https:\/\/guidenaturesarlat.com\/index.php\/wp-json\/wp\/v2\/pages"}],"about":[{"href":"https:\/\/guidenaturesarlat.com\/index.php\/wp-json\/wp\/v2\/types\/page"}],"author":[{"embeddable":true,"href":"https:\/\/guidenaturesarlat.com\/index.php\/wp-json\/wp\/v2\/users\/1"}],"replies":[{"embeddable":true,"href":"https:\/\/guidenaturesarlat.com\/index.php\/wp-json\/wp\/v2\/comments?post=188"}],"version-history":[{"count":20,"href":"https:\/\/guidenaturesarlat.com\/index.php\/wp-json\/wp\/v2\/pages\/188\/revisions"}],"predecessor-version":[{"id":446,"href":"https:\/\/guidenaturesarlat.com\/index.php\/wp-json\/wp\/v2\/pages\/188\/revisions\/446"}],"up":[{"embeddable":true,"href":"https:\/\/guidenaturesarlat.com\/index.php\/wp-json\/wp\/v2\/pages\/8"}],"wp:attachment":[{"href":"https:\/\/guidenaturesarlat.com\/index.php\/wp-json\/wp\/v2\/media?parent=188"}],"curies":[{"name":"wp","href":"https:\/\/api.w.org\/{rel}","templated":true}]}}