{"id":147,"date":"2025-01-21T17:10:02","date_gmt":"2025-01-21T16:10:02","guid":{"rendered":"https:\/\/guidenaturesarlat.com\/?page_id=147"},"modified":"2026-02-20T17:18:58","modified_gmt":"2026-02-20T16:18:58","slug":"mes-references","status":"publish","type":"page","link":"https:\/\/guidenaturesarlat.com\/index.php\/en-tant-quecologue\/mes-references\/","title":{"rendered":"Mes r\u00e9f\u00e9rences"},"content":{"rendered":"\n<h3 class=\"wp-block-heading\"><mark style=\"background-color:rgba(0, 0, 0, 0)\" class=\"has-inline-color has-luminous-vivid-orange-color\">Dans un cadre g\u00e9n\u00e9ral<\/mark><\/h3>\n\n\n\n<ul class=\"wp-block-list\">\n<li>Notice d&rsquo;incidence \u00e0 l&rsquo;environnement dans le cadre du projet d&rsquo;extension des Campings de l&rsquo;Etang de la Jemaye (2008) et du domaine de Bazange (2010)<\/li>\n\n\n\n<li>Note de synth\u00e8se sur le patrimoine naturel de l&rsquo;\u00e9tang de la Petitonne \u2013 Conseil D\u00e9partemental de la Dordogne (2008)<\/li>\n\n\n\n<li>Diagnostic \u00e9cologique de l&rsquo;Ile de la Pelouse \u2013 pour la Communaut\u00e9 de Communes de Bergerac Pourpre (2009 &#8211; 2010)<\/li>\n\n\n\n<li>Etude de r\u00e9partition du <a href=\"https:\/\/inpn.mnhn.fr\/espece\/cd_nom\/126124\">Pigamon Jaune<\/a> : Bassins versant du Caudeau, de la Couze, du Seignal, de la Gardonnette, des Beunes, de la Chironde.(2009)<\/li>\n\n\n\n<li>Diagnostic \u00e9cologique des espaces naturels et bois\u00e9s de la ville de Boulazac \u2013 pour la ville de Boulazac, en partenariat avec la <a href=\"https:\/\/www.allianceforetsbois.fr\/\">CAFSA <\/a>(Devenue alliance For\u00eat Bois) (2010)<\/li>\n\n\n\n<li>Assistance Naturaliste aupr\u00e8s du <a href=\"https:\/\/www.smdmca.fr\/\">SYMAGE\u00b2<\/a> (2011 et 2012) : r\u00e9alisation de diagnostic naturaliste et accompagnement du Syndicat dans son programme de gestion hydraulique et de la v\u00e9g\u00e9tation rivulaire sur de nombreuses rivi\u00e8res dans le d\u00e9partement du Lot. (C\u00e8re, Dordogne, Mamoul, etc&#8230; )<\/li>\n\n\n\n<li>R\u00e9alisation de relev\u00e9s floristiques sur les accotements routiers des d\u00e9partementales de la Dordogne, pour le compte du Pole Paysage du Conseil D\u00e9partemental de la Dordogne (2012 \u00e0 2018)<\/li>\n\n\n\n<li>Elaboration du DOCOB du site NATURA 2000 <strong>Les c\u00f4teaux de la vall\u00e9e de la V\u00e9z\u00e8re<\/strong> avec <a href=\"https:\/\/www.mtda.fr\/\">MTDA<\/a> (2015 &#8211; 2016)<\/li>\n<\/ul>\n\n\n\n<h3 class=\"wp-block-heading\"><br><br><br><mark style=\"background-color:rgba(0, 0, 0, 0)\" class=\"has-inline-color has-luminous-vivid-orange-color\">Pour la r\u00e9alisation de documents d&rsquo;urbanismes<\/mark><\/h3>\n\n\n\n<ul class=\"wp-block-list\">\n<li>R\u00e9alisation du volet naturaliste et de l&rsquo;\u00e9valuation environnementale (Grenelle II) du PLUI de la Communaut\u00e9 de Communes du M\u00e9zinais (47) \u2013 2011 \u00e0 2013 avec <a href=\"https:\/\/ambreconsultant.fr\/\">Ambre Conseil<\/a> et <a href=\"https:\/\/www.agencecasals.fr\/\">Casals<\/a><\/li>\n\n\n\n<li>R\u00e9vision de la Carte communale de Limeuil \u2013 volet naturaliste \u2013 2012 \u2013 2013<\/li>\n\n\n\n<li>R\u00e9alisation du volet naturaliste et de l&rsquo;\u00e9valuation environnementale (Grenelle II) du PLU de la Commune de Saint Romain Le Noble (2013)<\/li>\n\n\n\n<li>R\u00e9alisation du volet naturaliste et de l&rsquo;\u00e9valuation environnementale dans le cadre du projet d&rsquo;extension Urbaine de la Commune de Mazerolles (avec <a href=\"https:\/\/www.ingc.fr\/\">INGC <\/a>et <a href=\"https:\/\/www.agencecasals.fr\/\">Casals<\/a>) (2013 &#8211; 2014)<\/li>\n\n\n\n<li>R\u00e9alisation du volet naturaliste et de l&rsquo;\u00e9valuation environnementale (Grenelle II) du PLU de la Communaut\u00e9 de Communes du Mazerolles (47) (2013 \u2013 2014)<\/li>\n\n\n\n<li>R\u00e9alisation du volet naturaliste dans le cadre de la mise en place de la ZAC de la Rochefoucault (16) \u2013 2013<\/li>\n\n\n\n<li>R\u00e9vision du PLU de Marsac sur l&rsquo;Isle avec BE HLC (2016)<\/li>\n\n\n\n<li>R\u00e9vision du PLU de Saint Cyr (87) avec BE HLC(2016)<\/li>\n\n\n\n<li>Elaboration du diagnostic naturaliste et de l&rsquo;\u00e9valuation environnementale du PLUi de communaut\u00e9 d&rsquo;agglom\u00e9ration de Bergerac avec <a href=\"https:\/\/www.citadia.com\/\">Citadia<\/a> et <a href=\"https:\/\/www.citadia.com\/marques-expertises\/transition-ecologique-energetique\/\">EVEN<\/a> &#8211; 2015-2019<\/li>\n<\/ul>\n\n\n\n<h3 class=\"wp-block-heading\"><br><br><br><mark style=\"background-color:rgba(0, 0, 0, 0)\" class=\"has-inline-color has-luminous-vivid-orange-color\">Assistance technique sur des \u00e9tudes d&rsquo;impacts et Evaluations Environnementales<\/mark><\/h3>\n\n\n\n<ul class=\"wp-block-list\">\n<li>Volet faune flore de l&rsquo;\u00e9tude d&rsquo;impact de la d\u00e9viation de Fargues Saint Hilaire (33), en partenariat avec<a href=\"https:\/\/www.ingc.fr\/\"> INGC<\/a> \u2013 2012 &#8211; 2013<\/li>\n\n\n\n<li>Diverses missions aupr\u00e8s du cabinet<a href=\"https:\/\/www.cabinetnouger.com\/\"> Nouger Environnement<\/a> \u00e0 Bayonne 2016 &#8211; 2019<\/li>\n\n\n\n<li>Extension de la ZAD des L\u00e8ches (24) aupr\u00e8s de la mairie des L\u00e8ches et en assistance \u00e0 <a href=\"https:\/\/www.geoval.geometre-expert.fr\/\">Geoval Bergerac<\/a> &#8211; 2017<\/li>\n\n\n\n<li>Suivi \u00e9cologique de la centrale solaire de Beaupouyet \u2013 Soci\u00e9t\u00e9 Quadran 2018 \u00e0 2020<\/li>\n\n\n\n<li>Expertise naturaliste Lac D&rsquo;Estaing (65) avec<a href=\"https:\/\/www.agencecasals.fr\/\"> Casals<\/a> et <a href=\"https:\/\/www.ingc.fr\/\">INGC<\/a> \u2013 2021<\/li>\n\n\n\n<li>Etudes faune flore pour la construction d&rsquo;une plateforme logistique \u00e0 Montpon M\u00e9nestrol (24) avec le <a href=\"https:\/\/cetab.fr\/\">CETAB<\/a> &#8211; 2021<\/li>\n\n\n\n<li>Etudes pr\u00e9alables faune flore pour la construction d&rsquo;une centrale hydro\u00e9lectrique \u00e0 Saint Martial d&rsquo;Artenset (24) pour le compte de <a href=\"http:\/\/www.groupe-artea.fr\">ARTESOL<\/a> \u2013 2021<\/li>\n\n\n\n<li>Diagnostic \u00e9cologique de l&rsquo;alignement d&rsquo;Arbres \u201cRAUXI\u201d \u2013 Gan (64) pour le compte de la DIRA &#8211; 2021<\/li>\n\n\n\n<li>Suivi \u00e9cologique chantier de suppression du passage \u00e0 niveau de H\u00e9rr\u00e8re (64) pour le compte de la DIRA \u2013 2019 \u2013 2022<\/li>\n\n\n\n<li>Assistance aupr\u00e8s de la communaut\u00e9 de Commune du Grand Auch : Cr\u00e9ation d&rsquo;une Zone d&rsquo;activit\u00e9 et prise en compte des enjeux autour du Plan National D&rsquo;actions Rhopaloc\u00e8res (Groupe Azur\u00e9s) \u2013 Et\u00e9 2022<\/li>\n\n\n\n<li>Assistance aupr\u00e8s de <a href=\"http:\/\/www.groupe-artea.fr\">ARTESOL<\/a> \u2013 Centrale hydro\u00e9lectrique de BROUSSOLE (15) &#8211; Et\u00e9 2022<\/li>\n\n\n\n<li>Assistance aupr\u00e8s de la commune de Saint Seurin sur L&rsquo;Isle dans l&rsquo;\u00e9laboration du dossier de Porter \u00e0 connaissance concernant les travaux d&rsquo;un d\u00e9versoir d&rsquo;orage sur L&rsquo;isle (En collaboration avec <a href=\"https:\/\/azellus.fr\/\">AZELLUS-IRISCOP<\/a>) \u2013 Fin 2022<\/li>\n\n\n\n<li>Assistance aupr\u00e8s du groupement Moon Safari en tant qu&rsquo;\u00e9cologue \u2013 Construction du Lyc\u00e9e de Demain \u2013 Chateauneuf sur Loire (45) \u2013 2022 &#8211; 2024<\/li>\n\n\n\n<li>Assistance Naturaliste \u2013 Projet SILOT &#8211; Communaut\u00e9 d&rsquo;Agglom\u00e9ration Le Grand P\u00e9rigueux &#8211; 2023<\/li>\n\n\n\n<li>Assistance Naturaliste \u2013 Valorisation du Site du Lac d&rsquo;Estaing (65) &#8211; Sivom de Labat de Bun \u2013 2023<\/li>\n\n\n\n<li>Projet de R\u00e9novation Urbaine de Chamiers (24) &#8211; Communaut\u00e9 d&rsquo;Agglom\u00e9ration Le Grand P\u00e9rigueux &#8211; 2023<\/li>\n\n\n\n<li>Base de loisirs de Neufont \u2013 Communaut\u00e9 d&rsquo;Agglom\u00e9ration Le Grand P\u00e9rigueux \u2013 Assistance et suivi en tant qu&rsquo;\u00e9cologue (2019 \u2013 2024)<\/li>\n<\/ul>\n\n\n\n<p><\/p>\n","protected":false},"excerpt":{"rendered":"<p>Dans un cadre g\u00e9n\u00e9ral Pour la r\u00e9alisation de documents d&rsquo;urbanismes Assistance technique sur des \u00e9tudes d&rsquo;impacts et Evaluations Environnementales<\/p>\n","protected":false},"author":1,"featured_media":0,"parent":7,"menu_order":0,"comment_status":"closed","ping_status":"closed","template":"","meta":{"footnotes":""},"class_list":["post-147","page","type-page","status-publish","hentry"],"yoast_head":"<!-- This site is optimized with the Yoast SEO plugin v27.4 - https:\/\/yoast.com\/product\/yoast-seo-wordpress\/ -->\n<title>Mes r\u00e9f\u00e9rences - BUREAU FAUNE FLORE 24<\/title>\n<meta name=\"robots\" content=\"index, follow, max-snippet:-1, max-image-preview:large, max-video-preview:-1\" \/>\n<link rel=\"canonical\" href=\"https:\/\/guidenaturesarlat.com\/index.php\/en-tant-quecologue\/mes-references\/\" \/>\n<meta property=\"og:locale\" content=\"fr_FR\" \/>\n<meta property=\"og:type\" content=\"article\" \/>\n<meta property=\"og:title\" content=\"Mes r\u00e9f\u00e9rences - BUREAU FAUNE FLORE 24\" \/>\n<meta property=\"og:description\" content=\"Dans un cadre g\u00e9n\u00e9ral Pour la r\u00e9alisation de documents d&rsquo;urbanismes Assistance technique sur des \u00e9tudes d&rsquo;impacts et Evaluations Environnementales\" \/>\n<meta property=\"og:url\" content=\"https:\/\/guidenaturesarlat.com\/index.php\/en-tant-quecologue\/mes-references\/\" \/>\n<meta property=\"og:site_name\" content=\"BUREAU FAUNE FLORE 24\" \/>\n<meta property=\"article:publisher\" content=\"https:\/\/www.facebook.com\/yannicklengletguidenaturaliste?locale=fr_FR\" \/>\n<meta property=\"article:modified_time\" content=\"2026-02-20T16:18:58+00:00\" \/>\n<meta name=\"twitter:card\" content=\"summary_large_image\" \/>\n<meta name=\"twitter:label1\" content=\"Dur\u00e9e de lecture estim\u00e9e\" \/>\n\t<meta name=\"twitter:data1\" content=\"3 minutes\" \/>\n<script type=\"application\/ld+json\" class=\"yoast-schema-graph\">{\"@context\":\"https:\\\/\\\/schema.org\",\"@graph\":[{\"@type\":\"WebPage\",\"@id\":\"https:\\\/\\\/guidenaturesarlat.com\\\/index.php\\\/en-tant-quecologue\\\/mes-references\\\/\",\"url\":\"https:\\\/\\\/guidenaturesarlat.com\\\/index.php\\\/en-tant-quecologue\\\/mes-references\\\/\",\"name\":\"Mes r\u00e9f\u00e9rences - BUREAU FAUNE FLORE 24\",\"isPartOf\":{\"@id\":\"https:\\\/\\\/guidenaturesarlat.com\\\/#website\"},\"datePublished\":\"2025-01-21T16:10:02+00:00\",\"dateModified\":\"2026-02-20T16:18:58+00:00\",\"breadcrumb\":{\"@id\":\"https:\\\/\\\/guidenaturesarlat.com\\\/index.php\\\/en-tant-quecologue\\\/mes-references\\\/#breadcrumb\"},\"inLanguage\":\"fr-FR\",\"potentialAction\":[{\"@type\":\"ReadAction\",\"target\":[\"https:\\\/\\\/guidenaturesarlat.com\\\/index.php\\\/en-tant-quecologue\\\/mes-references\\\/\"]}]},{\"@type\":\"BreadcrumbList\",\"@id\":\"https:\\\/\\\/guidenaturesarlat.com\\\/index.php\\\/en-tant-quecologue\\\/mes-references\\\/#breadcrumb\",\"itemListElement\":[{\"@type\":\"ListItem\",\"position\":1,\"name\":\"Accueil\",\"item\":\"https:\\\/\\\/guidenaturesarlat.com\\\/\"},{\"@type\":\"ListItem\",\"position\":2,\"name\":\"En tant qu&rsquo;\u00e9cologue\",\"item\":\"https:\\\/\\\/guidenaturesarlat.com\\\/index.php\\\/en-tant-quecologue\\\/\"},{\"@type\":\"ListItem\",\"position\":3,\"name\":\"Mes r\u00e9f\u00e9rences\"}]},{\"@type\":\"WebSite\",\"@id\":\"https:\\\/\\\/guidenaturesarlat.com\\\/#website\",\"url\":\"https:\\\/\\\/guidenaturesarlat.com\\\/\",\"name\":\"BUREAU FAUNE FLORE 24\",\"description\":\"Bureau d&#039;\u00e9tudes en expertises des milieux naturels - Implant\u00e9 pr\u00e8s de Sarlat La Can\u00e9da - P\u00e9rigord Noir\",\"publisher\":{\"@id\":\"https:\\\/\\\/guidenaturesarlat.com\\\/#organization\"},\"potentialAction\":[{\"@type\":\"SearchAction\",\"target\":{\"@type\":\"EntryPoint\",\"urlTemplate\":\"https:\\\/\\\/guidenaturesarlat.com\\\/?s={search_term_string}\"},\"query-input\":{\"@type\":\"PropertyValueSpecification\",\"valueRequired\":true,\"valueName\":\"search_term_string\"}}],\"inLanguage\":\"fr-FR\"},{\"@type\":\"Organization\",\"@id\":\"https:\\\/\\\/guidenaturesarlat.com\\\/#organization\",\"name\":\"BUREAU FAUNE FLORE 24\",\"url\":\"https:\\\/\\\/guidenaturesarlat.com\\\/\",\"logo\":{\"@type\":\"ImageObject\",\"inLanguage\":\"fr-FR\",\"@id\":\"https:\\\/\\\/guidenaturesarlat.com\\\/#\\\/schema\\\/logo\\\/image\\\/\",\"url\":\"https:\\\/\\\/guidenaturesarlat.com\\\/wp-content\\\/uploads\\\/2026\\\/02\\\/cropped-Logo2026-4.jpg\",\"contentUrl\":\"https:\\\/\\\/guidenaturesarlat.com\\\/wp-content\\\/uploads\\\/2026\\\/02\\\/cropped-Logo2026-4.jpg\",\"width\":127,\"height\":200,\"caption\":\"BUREAU FAUNE FLORE 24\"},\"image\":{\"@id\":\"https:\\\/\\\/guidenaturesarlat.com\\\/#\\\/schema\\\/logo\\\/image\\\/\"},\"sameAs\":[\"https:\\\/\\\/www.facebook.com\\\/yannicklengletguidenaturaliste?locale=fr_FR\"]}]}<\/script>\n<!-- \/ Yoast SEO plugin. -->","yoast_head_json":{"title":"Mes r\u00e9f\u00e9rences - BUREAU FAUNE FLORE 24","robots":{"index":"index","follow":"follow","max-snippet":"max-snippet:-1","max-image-preview":"max-image-preview:large","max-video-preview":"max-video-preview:-1"},"canonical":"https:\/\/guidenaturesarlat.com\/index.php\/en-tant-quecologue\/mes-references\/","og_locale":"fr_FR","og_type":"article","og_title":"Mes r\u00e9f\u00e9rences - BUREAU FAUNE FLORE 24","og_description":"Dans un cadre g\u00e9n\u00e9ral Pour la r\u00e9alisation de documents d&rsquo;urbanismes Assistance technique sur des \u00e9tudes d&rsquo;impacts et Evaluations Environnementales","og_url":"https:\/\/guidenaturesarlat.com\/index.php\/en-tant-quecologue\/mes-references\/","og_site_name":"BUREAU FAUNE FLORE 24","article_publisher":"https:\/\/www.facebook.com\/yannicklengletguidenaturaliste?locale=fr_FR","article_modified_time":"2026-02-20T16:18:58+00:00","twitter_card":"summary_large_image","twitter_misc":{"Dur\u00e9e de lecture estim\u00e9e":"3 minutes"},"schema":{"@context":"https:\/\/schema.org","@graph":[{"@type":"WebPage","@id":"https:\/\/guidenaturesarlat.com\/index.php\/en-tant-quecologue\/mes-references\/","url":"https:\/\/guidenaturesarlat.com\/index.php\/en-tant-quecologue\/mes-references\/","name":"Mes r\u00e9f\u00e9rences - BUREAU FAUNE FLORE 24","isPartOf":{"@id":"https:\/\/guidenaturesarlat.com\/#website"},"datePublished":"2025-01-21T16:10:02+00:00","dateModified":"2026-02-20T16:18:58+00:00","breadcrumb":{"@id":"https:\/\/guidenaturesarlat.com\/index.php\/en-tant-quecologue\/mes-references\/#breadcrumb"},"inLanguage":"fr-FR","potentialAction":[{"@type":"ReadAction","target":["https:\/\/guidenaturesarlat.com\/index.php\/en-tant-quecologue\/mes-references\/"]}]},{"@type":"BreadcrumbList","@id":"https:\/\/guidenaturesarlat.com\/index.php\/en-tant-quecologue\/mes-references\/#breadcrumb","itemListElement":[{"@type":"ListItem","position":1,"name":"Accueil","item":"https:\/\/guidenaturesarlat.com\/"},{"@type":"ListItem","position":2,"name":"En tant qu&rsquo;\u00e9cologue","item":"https:\/\/guidenaturesarlat.com\/index.php\/en-tant-quecologue\/"},{"@type":"ListItem","position":3,"name":"Mes r\u00e9f\u00e9rences"}]},{"@type":"WebSite","@id":"https:\/\/guidenaturesarlat.com\/#website","url":"https:\/\/guidenaturesarlat.com\/","name":"BUREAU FAUNE FLORE 24","description":"Bureau d&#039;\u00e9tudes en expertises des milieux naturels - Implant\u00e9 pr\u00e8s de Sarlat La Can\u00e9da - P\u00e9rigord Noir","publisher":{"@id":"https:\/\/guidenaturesarlat.com\/#organization"},"potentialAction":[{"@type":"SearchAction","target":{"@type":"EntryPoint","urlTemplate":"https:\/\/guidenaturesarlat.com\/?s={search_term_string}"},"query-input":{"@type":"PropertyValueSpecification","valueRequired":true,"valueName":"search_term_string"}}],"inLanguage":"fr-FR"},{"@type":"Organization","@id":"https:\/\/guidenaturesarlat.com\/#organization","name":"BUREAU FAUNE FLORE 24","url":"https:\/\/guidenaturesarlat.com\/","logo":{"@type":"ImageObject","inLanguage":"fr-FR","@id":"https:\/\/guidenaturesarlat.com\/#\/schema\/logo\/image\/","url":"https:\/\/guidenaturesarlat.com\/wp-content\/uploads\/2026\/02\/cropped-Logo2026-4.jpg","contentUrl":"https:\/\/guidenaturesarlat.com\/wp-content\/uploads\/2026\/02\/cropped-Logo2026-4.jpg","width":127,"height":200,"caption":"BUREAU FAUNE FLORE 24"},"image":{"@id":"https:\/\/guidenaturesarlat.com\/#\/schema\/logo\/image\/"},"sameAs":["https:\/\/www.facebook.com\/yannicklengletguidenaturaliste?locale=fr_FR"]}]}},"_links":{"self":[{"href":"https:\/\/guidenaturesarlat.com\/index.php\/wp-json\/wp\/v2\/pages\/147","targetHints":{"allow":["GET"]}}],"collection":[{"href":"https:\/\/guidenaturesarlat.com\/index.php\/wp-json\/wp\/v2\/pages"}],"about":[{"href":"https:\/\/guidenaturesarlat.com\/index.php\/wp-json\/wp\/v2\/types\/page"}],"author":[{"embeddable":true,"href":"https:\/\/guidenaturesarlat.com\/index.php\/wp-json\/wp\/v2\/users\/1"}],"replies":[{"embeddable":true,"href":"https:\/\/guidenaturesarlat.com\/index.php\/wp-json\/wp\/v2\/comments?post=147"}],"version-history":[{"count":5,"href":"https:\/\/guidenaturesarlat.com\/index.php\/wp-json\/wp\/v2\/pages\/147\/revisions"}],"predecessor-version":[{"id":321,"href":"https:\/\/guidenaturesarlat.com\/index.php\/wp-json\/wp\/v2\/pages\/147\/revisions\/321"}],"up":[{"embeddable":true,"href":"https:\/\/guidenaturesarlat.com\/index.php\/wp-json\/wp\/v2\/pages\/7"}],"wp:attachment":[{"href":"https:\/\/guidenaturesarlat.com\/index.php\/wp-json\/wp\/v2\/media?parent=147"}],"curies":[{"name":"wp","href":"https:\/\/api.w.org\/{rel}","templated":true}]}}